
{"id":74,"date":"2024-03-29T13:20:21","date_gmt":"2024-03-29T12:20:21","guid":{"rendered":"http:\/\/wp.pikellimi.info\/?page_id=74"},"modified":"2024-04-03T13:51:38","modified_gmt":"2024-04-03T11:51:38","slug":"agb","status":"publish","type":"page","link":"https:\/\/www.pikellimi.info\/sq\/agb\/","title":{"rendered":"Agb"},"content":{"rendered":"<div data-elementor-type=\"wp-page\" data-elementor-id=\"74\" class=\"elementor elementor-74\" data-elementor-post-type=\"page\">\n\t\t\t\t<div class=\"elementor-element elementor-element-a119676 e-flex e-con-boxed e-con e-parent\" data-id=\"a119676\" data-element_type=\"container\" data-e-type=\"container\">\n\t\t\t\t\t<div class=\"e-con-inner\">\n\t\t<div class=\"elementor-element elementor-element-9e2c4c0 e-flex e-con-boxed e-con e-child\" data-id=\"9e2c4c0\" data-element_type=\"container\" data-e-type=\"container\">\n\t\t\t\t\t<div class=\"e-con-inner\">\n\t\t\t\t<div class=\"elementor-element elementor-element-30959f1 elementor-widget elementor-widget-text-editor\" data-id=\"30959f1\" data-element_type=\"widget\" data-e-type=\"widget\" data-widget_type=\"text-editor.default\">\n\t\t\t\t<div class=\"elementor-widget-container\">\n\t\t\t\t\t\t\t\t\t<p class=\"translation-block\"><strong>Termat dhe Kushtet e pergjithshme (AGB) P\u00ebrfitimet e n\u00eb baz\u00eb t\u00eb Sigurimit t\u00eb kompanis\u00eb Pikellimi GmbH<\/strong><\/p><p class=\"translation-block\">\u00a7 1 Q\u00ebllimi i mb\u00ebshtetjes t\u00eb shp\u00ebnzimeve funerale<br>1.Ndihma dhe mb\u00ebshtetja t\u00eb shpenzimeve p\u00ebr varrim \u00ebsht\u00eb nj\u00eb institucion i kompanis\u00eb Pikellimi GmbH, organizuar me q\u00ebllim qe t\u00eb ju ndihmoj\u00eb an\u00ebtar\u00ebve dhe familjeve t\u00eb tyre dhe t\u00eb mar\u00eb p\u00ebrsip\u00ebr shpenzimet p\u00ebr bartjen e kufomave.<\/p><p class=\"translation-block\">\u00a7 2 Kushtet paraprake p\u00ebr an\u00ebtar\u00ebsim<br>\n1.An\u00ebtar mund t\u00eb b\u00ebhen ata q\u00eb kan\u00eb mbushur mosh\u00ebn 18 vje\u00e7.\n2. T\u00eb interesusi duhet t\u00eb ket rezidenc\u00ebn e p\u00ebrhershme n\u00eb territorin e Gjermanis\u00eb, vendet e Bashkimit Evropian (BE) ose n\u00eb Zvic\u00ebr dhe Zon\u00ebn Ekonomike Evropiane (ZEE).<\/p><p class=\"translation-block\">\u00a7 3 Pranimi<br>\n1.Pranimi n\u00eb institucionin b\u00ebhet sipas k\u00ebrkes\u00ebs p\u00ebr aplikim me formularin e Pikellimit GmbH.\n2. Aplikimit i bashkngjiten dokumentat e nevojshme dhe t\u00eb domosdoshme dhe te njejtat duhet t\u00eb d\u00ebrgohen n\u00eb adres\u00ebn e kompanis\u00eb Pikellimi GmbH \u2013 Postfach 12 54 \u2013\n63552 Gelnhausen. Pranohen vetem aplikimet q\u00eb jan plot\u00ebsisht dhe t\u00eb plot\u00ebsuar me dh\u00ebnat t\u00eb personale dhe t\u00eb pajisur me t\u00eb gjith\u00eb dokumentacionin e nevojsh\u00ebm.\n3. Nuk ka asnj\u00eb pretendim ligjor p\u00ebr pranimin e t\u00eb interesusit. Kompania Pikellimi GmbH mund t\u00eb refuzoj\u00eb interesuesin pa arsyetim.<\/p><p class=\"translation-block\">\u00a7 4 Fillimi i mbrojtjes<br>\nMbrojtja fillon vet\u00ebm kur:\n1. V\u00ebrtetimi i mbrojtjes \u00ebsht\u00eb d\u00ebrguar me post\u00eb dhe kushtet e m\u00ebposhtme jan\u00eb plot\u00ebsuar:\n2. Taksa e pranimit sipas \u00a75 dhe kontributet e vitit sipas \u00a76 jan\u00eb t\u00eb realizuara dhe ka skaduar periudha e koh\u00ebs sipas \u00a7 4 Nr.3.\n3. Fillimi i sigurimit pas 180 dit\u00ebsh ose pas provimit\/testimit pranues\n4. N\u00eb rast se an\u00ebtari pas realizimit t\u00eb pageses n\u00eb nj\u00eb aksident ndron jet\u00eb, p\u00ebrjashtohet koha e skadimit sipas \u00a74 Nr. 3.<\/p><p class=\"translation-block\">\u00a7 5 Taksa<br>\n1. Me pranimin e mbrojtjes duhet t\u00eb realizohet taksa (Tarif\u00eb pranimi vet\u00ebm nj\u00eb here) drejt Pikellimit GmbH q\u00eb jan\u00eb stivosur sipas mosh\u00ebs n\u00eb vijim:<\/p><p><strong>\u00a0\u00a0\u00a0\u00a0\u00a0\u00a0\u00a0\u00a0\u00a0\u00a0\u00a0\u00a0\u00a0\u00a0\u00a0\u00a0\u00a0\u00a0\u00a0\u00a0\u00a0\u00a0\u00a0\u00a0\u00a0\u00a018 \u2013 29 Vjet \/ 0,00 Euro<\/strong><\/p><p><strong>\u00a0\u00a0\u00a0\u00a0\u00a0\u00a0\u00a0\u00a0\u00a0\u00a0\u00a0\u00a0\u00a0\u00a0\u00a0\u00a0\u00a0\u00a0\u00a0\u00a0\u00a0\u00a0\u00a0\u00a0\u00a0\u00a030 \u2013 49 Vjet \/ 49,95 Euro\u00a0\u00a0<\/strong><\/p><p><strong>\u00a0 \u00a0 \u00a0 \u00a0 \u00a0 \u00a0 \u00a0 \u00a0 \u00a0 \u00a0 \u00a0 \u00a0 \u00a0 50 \u2013 54 Vjet \/ 399,95 Euro\u00a0<\/strong><\/p><p><strong>\u00a0 \u00a0 \u00a0 \u00a0 \u00a0 \u00a0 \u00a0 \u00a0 \u00a0 \u00a0 \u00a0 \u00a0 \u00a0 55-59 Vjet \/ 899,95 Euro<\/strong><\/p><p><strong>\u00a0\u00a0\u00a0\u00a0\u00a0\u00a0\u00a0\u00a0\u00a0\u00a0\u00a0\u00a0\u00a0\u00a0\u00a0\u00a0\u00a0\u00a0\u00a0\u00a0\u00a0\u00a0\u00a0\u00a0\u00a0 Mbi 60 Vjet \/ Informacion vet\u00ebm p\u00ebr mb\u00ebshtetjen e klientit<\/strong><\/p><p>2. Taksa e pranimit duhet t\u00eb realizohet dy jav\u00eb pas marrjes s\u00eb fatur\u00ebs dhe v\u00ebrtetimit mbrojtjes.<\/p><p class=\"translation-block\">\u00a7 6 Kontributet vjetor dhe kushtet e pages\u00ebs<br>\n1. Kontributet vjetore jan\u00eb 119,95 Euro dhe paraprakisht nga \u00e7do antar duhet t\u00eb realizohen n\u00eb koh\u00eb.\nKontributi vjetor pas pranimit duhet t\u00eb realizohet dy jav\u00eb pas marrjes s\u00eb fatur\u00ebs dhe v\u00ebrtetimit se mbrojtjes. Pas k\u00ebsaj \u00e7do vit, 3 dit\u00eb pun\u00eb pas regjistrimit ne muajn e\nvitin e kaluar.\n2. Kontributet vjetore realizohen kryesisht direkt nga llogaria e an\u00ebtarsuesit pas autorizimi nga banka. N\u00ebse banka refuzon k\u00ebrkes\u00ebn e Pikellimit GmbH an\u00ebtarsuesi do t\u00eb\nmarr\u00eb p\u00ebrsiper kostot e shkaktuara.\n3. Mb\u00ebshtetja e \u201eSigurimit\u201c p\u00ebrjashtohet n\u00ebse an\u00ebtari vonohet me pages\u00ebn m\u00eb shum\u00eb se 1 muaj.<\/p><p class=\"translation-block\">\u00a7 7 P\u00ebrfitueset nga mbrojtja<br>\n1.Personat q\u00eb mb\u00ebshten nga \u201eSigurimi\u201c jan\u00eb:\na. an\u00ebtari dhe bashk\u00ebshorti-ja;\nb. f\u00ebmij\u00ebt e an\u00ebtarit t\u00eb cil\u00ebt nuk e kan\u00eb arritur ende mosh\u00ebn 18 vje\u00e7are;\nc. f\u00ebmij\u00ebt e an\u00ebtarit q\u00eb jan\u00eb studente me kusht q\u00eb ato te mos e ken\u00eb arritur akoma mosh\u00ebn 27 vje\u00e7are ose q\u00eb jan\u00eb t\u00eb pamartuar dhe nuk kan\u00eb t\u00eb ardhura t\u00eb mjaftueshme;\nd. f\u00ebmij\u00ebt me aft\u00ebsi t\u00eb kufizuara t\u00eb r\u00ebnd\u00eb (50%) dhe t\u00eb cil\u00ebt nuk kan\u00eb t\u00eb ardhura t\u00eb mjaftueshme (pa mosh\u00ebn e kufizuar);\ne. personat e lartp\u00ebrmendur humbin pa njoftim mb\u00ebshtetjen e \u201eSigurimit\u201c n\u00eb qoft\u00eb se nuk plotesojn\u00eb kushtet t\u00eb Nr. 1 a) deri d) kan\u00eb mund\u00ebsi (p.sh. pas divorcit ose\nmbushjen 18 vje\u00e7are etj) t\u00eb aplikojne p\u00ebr an\u00ebtarsim dhe mbrojtje me drejta t\u00eb plota. N\u00eb situata t\u00eb tilla p\u00ebrjashtohet taksa e regjistrimit ku vet\u00ebm realizohet pagesa e\nkontributeve vjetore per vitin qe i p\u00ebrket.<\/p><p class=\"translation-block\">\u00a7 8 Mb\u00ebshtetja e an\u00ebtarit<br>\n1.Sapo an\u00ebtari ose t\u00eb familja e tij, sipas kuptimit t\u00eb \u00a77, e njofton Pikellimin GmbH n\u00eb nj\u00eb rast vdekjeje, \u201eSigurimi\u201c porosit nj\u00eb instuticion p\u00ebr bartjen e kufomave dhe\nperfshirjen e sh\u00ebrbimive t\u00eb m\u00ebposhtme:\na. kompletimi dhe realizimi i t\u00eb gjitha \u00e7\u00ebshtjeve administrative;\nb. p\u00ebrgatitja e trupit sipas rregullave t\u00eb zgjedhur n\u00eb aplikim;\nc. transport i sigurt\u00eb deri n\u00eb vendin e varrimit;\nd. Trupi varroset n\u00eb p\u00ebrputhje me standardet evropiane;\n2. Familjes s\u00eb t\u00eb ndjerit nuk ju lejohet t\u00eb angazhojn\u00eb ndonj\u00eb institution tjet\u00ebr pa u konsultuar me Pikellimi GmbH. N\u00eb raste t\u00eb tilla Pikellimi GmbH nuk do t\u00eb merr\u00eb\nshpenzimet p\u00ebrsip\u00ebr.\n3. P\u00ebr ata q\u00eb varrosen n\u00eb territoin e Bashkimit Evropian, EEA ose n\u00eb Zvic\u00ebr, shpenzimet merren p\u00ebrsip\u00ebr plot\u00ebsisht deri 3.500 Euro.\n4. N\u00ebse nj\u00eb an\u00ebtar i Pikellimit GmbH ndron jet\u00eb n\u00eb vendlindjen e tij, an\u00ebtaret e famlijes e tij marrin nj\u00eb shum\u00eb prej 500 Euro si ndihm\u00eb financiale.\n5. Ata q\u00eb ndrojn\u00eb jet\u00eb jasht\u00eb BE, EEA apo Zvic\u00ebr mundet sipas d\u00ebshires t\u00eb familjes t\u00eb transferohen nga Pikellimi GmbH n\u00eb vendet e BEs, EEAs ose n\u00eb Zvic\u00ebr. Sipermarja\ne shpenzimeve n\u00eb k\u00ebto rast\u00eb \u00ebsht\u00eb deri 3.500 Euro.\n6. N\u00eb rast t\u00eb nj\u00eb aborti (m\u00eb pak se 500g) sipas ligjeve t\u00eb vendit mbulohen shpenzimet e varrimit deri n\u00eb 700 Euro.\n7. Dokumentet q\u00eb duhet t\u00eb ju ofrohen institucionit p\u00ebr bartjen e kufomave: Kartela e identifikimit (ID), pasaporta, certifikata e vdekjes ose raporti i vdekjes, certifikata e\nmartes\u00ebs (nd\u00ebrkoh\u00ebsisht, p\u00ebrndryshe me p\u00ebrkthim n\u00eb gjuhen gjermane) dhe v\u00ebrtetim t\u00eb mbrojtjes \u201c\u00c7ertifikata e sigurimit\u201d. N\u00eb rast se dokumentacioni i nevojshem nuk\ni d\u00ebrgohet n\u00eb koh\u00eb Pikellimi GmbH, \u201cSigurimi\u201d nuk e mer p\u00ebrsip\u00ebr shpenzimet t\u00eb tjera q\u00eb i paraqet.\n8. N\u00eb d\u00ebshtim t\u00eb trafikut rrugor ose venes\u00eb t\u00eb tjera q\u00eb arsyetohen q\u00eb nuk i takon \u201cSigurimit\u201d (p.sh. p\u00ebr shkak t\u00eb festave, vones\u00eb apo d\u00ebshtimin e fluturimeve dhe institucionit\np\u00ebr barjten e kufomave), kompania Pikellimi GmbH nuk do p\u00ebrgjegj\u00ebt ndaj an\u00ebtarit ose familjes s\u00eb tij.<\/p><p class=\"translation-block\">\u00a7 9 Detyrim informacioni t\u00eb an\u00ebtarit<br>\n1. \u00c7do an\u00ebtar \u00ebsht\u00eb i detyruar t\u00eb raportoj\u00eb informacione n\u00eb lidhur me an\u00ebtar\u00ebt e familjes s\u00eb tij te Pikellimi GmbH, t\u00ebr\u00ebsisht dhe me v\u00ebrtet\u00ebsi.\nPikellimi GmbH nuk p\u00ebrgjigjet n\u00eb rast munges t\u00eb informacioneve dhe dokumenteve.<\/p><p class=\"translation-block\">\u00a7 10 Nd\u00ebrprerja e kontrat\u00ebs<br>\n1. Afati i kontrat\u00ebs \u00ebsht\u00eb 5 vjet dhe zgjatet plus, nj\u00eb vit n\u00eb qoft\u00eb se kontrata nuk \u00ebsht\u00eb nd\u00ebrprer\u00eb, n\u00eb p\u00ebrputhje me kushtet e m\u00ebposhtme.\n2. Kontrata e mbrojtjes nd\u00ebrprehet nga dor\u00ebheqja, p\u00ebrjashtimi ose vdekja e antarit.\n3. \u00c7do an\u00ebtar mund t\u00eb nd\u00ebrpres\u00eb kontrat\u00ebn n\u00eb fund t\u00eb vitit. Njoftimi duhet t\u00eb jet\u00eb me shkrim dhe jo m\u00eb von\u00eb se 3 muaj para p\u00ebrfundimit t\u00eb kontrat\u00ebs vjetore.\n4. Mbrojta p\u00ebrfundon n\u00ebse k\u00ebrkesat shqyrtohen n\u00eb \u00a7 2 parag. 1-2 dhe aplikacioni nuk dor\u00ebzohen n\u00eb koh\u00eb ose jan\u00eb me vones\u00eb.\n5. An\u00ebtari mund t\u00eb p\u00ebrjashtohet nga kompania Pikellimi GmbH, ve\u00e7an\u00ebrisht kur:\na) i shkel ligjet t\u00eb kompanies Pikellimi GmbH apo ndonj\u00eb t\u00eb vendeve t\u00eb tjera.\nb) vonon kontributet vjetore 3 muaj mbas ftes\u00ebs p\u00ebr pages\u00eb.\n6. Me nd\u00ebrprerjen e kontrat\u00ebs humben t\u00eb gjitha t\u00eb drejtat dhe detyrimet e an\u00ebtarit p\u00ebr mbrojtje. Me k\u00ebt\u00eb rast humbet rrikthimi i mjeteve t\u00eb paguara.<\/p><p class=\"translation-block\">\u00a7 11 Dispozita t\u00eb tjera<br>\n1. Vet\u00ebm formulari i aplikimit dhe termat dhe kushtet e p\u00ebrgjithshme (AGB) jan\u00eb t\u00eb vlefshme p\u00ebr kontrat\u00ebn. Marr\u00ebveshje verbale ose deklarata t\u00eb tjera jan\u00eb t\u00eb pavleshme.\n2. N\u00ebse nj\u00eb ose m\u00eb shum\u00eb dispozita t\u00eb k\u00ebsaj kontrate t\u00eb \u201cSigurimit\u201d jan\u00eb ose b\u00ebhen t\u00eb pavlefshme, vlefshm\u00ebria e dispozitave t\u00eb tjera t\u00eb kontrat\u00ebs mbesin t\u00eb paprekshme.\n3. P\u00ebrjashtimi i p\u00ebrgjegj\u00ebsis\u00eb: N\u00eb rast se v\u00ebrtetohet q\u00eb vdekja ka ndodhur si pasoj\u00eb e nj\u00eb gjendjeje pandemike t\u00eb shpallur paraprakisht nga shteti, shpenzimet e transferimit\nnuk do t\u00eb merren p\u00ebrsip\u00ebr p\u00ebr shkak t\u00eb k\u00ebrkesave ligjore q\u00eb rezultojn\u00eb n\u00eb rast pandemie.<\/p><p class=\"translation-block\">\u00a7 12 Transferimi t\u00eb dh\u00ebnave, Ligj i fuqish\u00ebm dhe vendi juridik<br>\n1. Klienti e autorizon Pikellimin GmbH q\u00eb ti p\u00ebrdor\u00eb t\u00eb dh\u00ebnat e tij personale p\u00ebr p\u00ebrd\u00ebrim ne baz\u00eb t\u00eb ligjit. Transferimi i dh\u00ebnave p\u00ebr arsye komerciale ose p\u00ebr arsye t\u00eb\ntjera, nuk i lejohet Pikellimit GmbH.\n2. Marr\u00ebdh\u00ebnia juridike nd\u00ebrmjet personit t\u00eb siguruar dhe t\u00eb kompanis\u00eb Pikellimi GmbH zbatohen kryesisht me ligjet e Gjermanis\u00eb.\n3. Selia gjyq\u00ebsore \u00ebsht\u00eb n\u00eb rajonin e Pikellimi GmbH.<\/p><p>Termat dhe Kushtet German.doc \u2013 Stand 11\/2022<\/p>\t\t\t\t\t\t\t\t<\/div>\n\t\t\t\t<\/div>\n\t\t\t\t\t<\/div>\n\t\t\t\t<\/div>\n\t\t\t\t\t<\/div>\n\t\t\t\t<\/div>\n\t\t\t\t<\/div>","protected":false},"excerpt":{"rendered":"<p>Allgemeine Gesch\u00e4ftsbedingungen (AGB)Trauerfall-Vorsorge der Firma Pikellimi GmbH \u00a7 1 Ziel der\u00a0Trauerfall-Vorsorge1. Die Trauerfall-Vorsorge ist eine zweckgebundene Einrichtung der Firma Pikellimi GmbH, die die Unterst\u00fctzung und Solidarisierungzwischen dem Vorsorgenehmer der Firma Pikellimi GmbH organisiert mit dem Ziel, diesen und dessen Familienangeh\u00f6rigen bei allen bei Bestattungen auftretenden Problemen und Kosten zu unterst\u00fctzen. \u00a7 2 Vorsorge1. Vorsorgenehmer k\u00f6nnen [&hellip;]<\/p>\n","protected":false},"author":1,"featured_media":0,"parent":0,"menu_order":0,"comment_status":"closed","ping_status":"closed","template":"","meta":{"footnotes":""},"class_list":["post-74","page","type-page","status-publish","hentry"],"yoast_head":"<!-- This site is optimized with the Yoast SEO plugin v27.4 - https:\/\/yoast.com\/product\/yoast-seo-wordpress\/ -->\n<title>Agb - Pikellimi GmbH<\/title>\n<meta name=\"robots\" content=\"index, follow, max-snippet:-1, max-image-preview:large, max-video-preview:-1\" \/>\n<link rel=\"canonical\" href=\"https:\/\/www.pikellimi.info\/sq\/agb\/\" \/>\n<meta property=\"og:locale\" content=\"sq_AL\" \/>\n<meta property=\"og:type\" content=\"article\" \/>\n<meta property=\"og:title\" content=\"Agb - Pikellimi GmbH\" \/>\n<meta property=\"og:description\" content=\"Allgemeine Gesch\u00e4ftsbedingungen (AGB)Trauerfall-Vorsorge der Firma Pikellimi GmbH \u00a7 1 Ziel der\u00a0Trauerfall-Vorsorge1. Die Trauerfall-Vorsorge ist eine zweckgebundene Einrichtung der Firma Pikellimi GmbH, die die Unterst\u00fctzung und Solidarisierungzwischen dem Vorsorgenehmer der Firma Pikellimi GmbH organisiert mit dem Ziel, diesen und dessen Familienangeh\u00f6rigen bei allen bei Bestattungen auftretenden Problemen und Kosten zu unterst\u00fctzen. \u00a7 2 Vorsorge1. Vorsorgenehmer k\u00f6nnen [&hellip;]\" \/>\n<meta property=\"og:url\" content=\"https:\/\/www.pikellimi.info\/sq\/agb\/\" \/>\n<meta property=\"og:site_name\" content=\"Pikellimi GmbH\" \/>\n<meta property=\"article:publisher\" content=\"https:\/\/www.facebook.com\/people\/Pikellimi-sigurim\/100063480193163\/\" \/>\n<meta property=\"article:modified_time\" content=\"2024-04-03T11:51:38+00:00\" \/>\n<meta name=\"twitter:card\" content=\"summary_large_image\" \/>\n<meta name=\"twitter:label1\" content=\"Est. reading time\" \/>\n\t<meta name=\"twitter:data1\" content=\"6 minuta\" \/>\n<script type=\"application\/ld+json\" class=\"yoast-schema-graph\">{\"@context\":\"https:\\\/\\\/schema.org\",\"@graph\":[{\"@type\":\"WebPage\",\"@id\":\"https:\\\/\\\/www.pikellimi.info\\\/agb\\\/\",\"url\":\"https:\\\/\\\/www.pikellimi.info\\\/agb\\\/\",\"name\":\"Agb - Pikellimi GmbH\",\"isPartOf\":{\"@id\":\"https:\\\/\\\/www.pikellimi.info\\\/#website\"},\"datePublished\":\"2024-03-29T12:20:21+00:00\",\"dateModified\":\"2024-04-03T11:51:38+00:00\",\"breadcrumb\":{\"@id\":\"https:\\\/\\\/www.pikellimi.info\\\/agb\\\/#breadcrumb\"},\"inLanguage\":\"sq\",\"potentialAction\":[{\"@type\":\"ReadAction\",\"target\":[\"https:\\\/\\\/www.pikellimi.info\\\/agb\\\/\"]}]},{\"@type\":\"BreadcrumbList\",\"@id\":\"https:\\\/\\\/www.pikellimi.info\\\/agb\\\/#breadcrumb\",\"itemListElement\":[{\"@type\":\"ListItem\",\"position\":1,\"name\":\"Startseite\",\"item\":\"https:\\\/\\\/www.pikellimi.info\\\/\"},{\"@type\":\"ListItem\",\"position\":2,\"name\":\"Agb\"}]},{\"@type\":\"WebSite\",\"@id\":\"https:\\\/\\\/www.pikellimi.info\\\/#website\",\"url\":\"https:\\\/\\\/www.pikellimi.info\\\/\",\"name\":\"Pikellimi GmbH\",\"description\":\"Brengat tuaj, obligimi YN\u00cb!\",\"potentialAction\":[{\"@type\":\"SearchAction\",\"target\":{\"@type\":\"EntryPoint\",\"urlTemplate\":\"https:\\\/\\\/www.pikellimi.info\\\/?s={search_term_string}\"},\"query-input\":{\"@type\":\"PropertyValueSpecification\",\"valueRequired\":true,\"valueName\":\"search_term_string\"}}],\"inLanguage\":\"sq\"}]}<\/script>\n<!-- \/ Yoast SEO plugin. -->","yoast_head_json":{"title":"Agb - Pikellimi GmbH","robots":{"index":"index","follow":"follow","max-snippet":"max-snippet:-1","max-image-preview":"max-image-preview:large","max-video-preview":"max-video-preview:-1"},"canonical":"https:\/\/www.pikellimi.info\/sq\/agb\/","og_locale":"sq_AL","og_type":"article","og_title":"Agb - Pikellimi GmbH","og_description":"Allgemeine Gesch\u00e4ftsbedingungen (AGB)Trauerfall-Vorsorge der Firma Pikellimi GmbH \u00a7 1 Ziel der\u00a0Trauerfall-Vorsorge1. Die Trauerfall-Vorsorge ist eine zweckgebundene Einrichtung der Firma Pikellimi GmbH, die die Unterst\u00fctzung und Solidarisierungzwischen dem Vorsorgenehmer der Firma Pikellimi GmbH organisiert mit dem Ziel, diesen und dessen Familienangeh\u00f6rigen bei allen bei Bestattungen auftretenden Problemen und Kosten zu unterst\u00fctzen. \u00a7 2 Vorsorge1. Vorsorgenehmer k\u00f6nnen [&hellip;]","og_url":"https:\/\/www.pikellimi.info\/sq\/agb\/","og_site_name":"Pikellimi GmbH","article_publisher":"https:\/\/www.facebook.com\/people\/Pikellimi-sigurim\/100063480193163\/","article_modified_time":"2024-04-03T11:51:38+00:00","twitter_card":"summary_large_image","twitter_misc":{"Est. reading time":"6 minuta"},"schema":{"@context":"https:\/\/schema.org","@graph":[{"@type":"WebPage","@id":"https:\/\/www.pikellimi.info\/agb\/","url":"https:\/\/www.pikellimi.info\/agb\/","name":"Agb - Pikellimi GmbH","isPartOf":{"@id":"https:\/\/www.pikellimi.info\/#website"},"datePublished":"2024-03-29T12:20:21+00:00","dateModified":"2024-04-03T11:51:38+00:00","breadcrumb":{"@id":"https:\/\/www.pikellimi.info\/agb\/#breadcrumb"},"inLanguage":"sq","potentialAction":[{"@type":"ReadAction","target":["https:\/\/www.pikellimi.info\/agb\/"]}]},{"@type":"BreadcrumbList","@id":"https:\/\/www.pikellimi.info\/agb\/#breadcrumb","itemListElement":[{"@type":"ListItem","position":1,"name":"Startseite","item":"https:\/\/www.pikellimi.info\/"},{"@type":"ListItem","position":2,"name":"Agb"}]},{"@type":"WebSite","@id":"https:\/\/www.pikellimi.info\/#website","url":"https:\/\/www.pikellimi.info\/","name":"Pikellimi GmbH","description":"Brengat tuaj, obligimi YN\u00cb!","potentialAction":[{"@type":"SearchAction","target":{"@type":"EntryPoint","urlTemplate":"https:\/\/www.pikellimi.info\/?s={search_term_string}"},"query-input":{"@type":"PropertyValueSpecification","valueRequired":true,"valueName":"search_term_string"}}],"inLanguage":"sq"}]}},"_links":{"self":[{"href":"https:\/\/www.pikellimi.info\/sq\/wp-json\/wp\/v2\/pages\/74","targetHints":{"allow":["GET"]}}],"collection":[{"href":"https:\/\/www.pikellimi.info\/sq\/wp-json\/wp\/v2\/pages"}],"about":[{"href":"https:\/\/www.pikellimi.info\/sq\/wp-json\/wp\/v2\/types\/page"}],"author":[{"embeddable":true,"href":"https:\/\/www.pikellimi.info\/sq\/wp-json\/wp\/v2\/users\/1"}],"replies":[{"embeddable":true,"href":"https:\/\/www.pikellimi.info\/sq\/wp-json\/wp\/v2\/comments?post=74"}],"version-history":[{"count":10,"href":"https:\/\/www.pikellimi.info\/sq\/wp-json\/wp\/v2\/pages\/74\/revisions"}],"predecessor-version":[{"id":456,"href":"https:\/\/www.pikellimi.info\/sq\/wp-json\/wp\/v2\/pages\/74\/revisions\/456"}],"wp:attachment":[{"href":"https:\/\/www.pikellimi.info\/sq\/wp-json\/wp\/v2\/media?parent=74"}],"curies":[{"name":"wp","href":"https:\/\/api.w.org\/{rel}","templated":true}]}}