
{"id":27,"date":"2024-03-28T16:33:55","date_gmt":"2024-03-28T15:33:55","guid":{"rendered":"http:\/\/wp.pikellimi.info\/?page_id=27"},"modified":"2025-04-09T14:25:36","modified_gmt":"2025-04-09T12:25:36","slug":"downloads","status":"publish","type":"page","link":"https:\/\/www.pikellimi.info\/sq\/downloads\/","title":{"rendered":"Shkarkimet"},"content":{"rendered":"<div data-elementor-type=\"wp-page\" data-elementor-id=\"27\" class=\"elementor elementor-27\" data-elementor-post-type=\"page\">\n\t\t\t\t<div class=\"elementor-element elementor-element-b143e6d e-flex e-con-boxed e-con e-parent\" data-id=\"b143e6d\" data-element_type=\"container\" data-e-type=\"container\">\n\t\t\t\t\t<div class=\"e-con-inner\">\n\t\t<div class=\"elementor-element elementor-element-607be2d e-con-full e-flex e-con e-child\" data-id=\"607be2d\" data-element_type=\"container\" data-e-type=\"container\">\n\t\t\t\t<div class=\"elementor-element elementor-element-25f1f41 elementor-widget elementor-widget-image\" data-id=\"25f1f41\" data-element_type=\"widget\" data-e-type=\"widget\" data-widget_type=\"image.default\">\n\t\t\t\t<div class=\"elementor-widget-container\">\n\t\t\t\t\t\t\t\t\t\t\t\t\t\t\t<img fetchpriority=\"high\" decoding=\"async\" width=\"800\" height=\"405\" src=\"https:\/\/www.pikellimi.info\/wp-content\/uploads\/2024\/05\/pikellimi-4-1024x518.jpg\" class=\"attachment-large size-large wp-image-859\" alt=\"\" srcset=\"https:\/\/www.pikellimi.info\/wp-content\/uploads\/2024\/05\/pikellimi-4-1024x518.jpg 1024w, https:\/\/www.pikellimi.info\/wp-content\/uploads\/2024\/05\/pikellimi-4-300x152.jpg 300w, https:\/\/www.pikellimi.info\/wp-content\/uploads\/2024\/05\/pikellimi-4-768x388.jpg 768w, https:\/\/www.pikellimi.info\/wp-content\/uploads\/2024\/05\/pikellimi-4-1536x776.jpg 1536w, https:\/\/www.pikellimi.info\/wp-content\/uploads\/2024\/05\/pikellimi-4-18x9.jpg 18w, https:\/\/www.pikellimi.info\/wp-content\/uploads\/2024\/05\/pikellimi-4.jpg 2000w\" sizes=\"(max-width: 800px) 100vw, 800px\" \/>\t\t\t\t\t\t\t\t\t\t\t\t\t\t\t<\/div>\n\t\t\t\t<\/div>\n\t\t\t\t<\/div>\n\t\t<div class=\"elementor-element elementor-element-f8a2905 e-con-full e-flex e-con e-child\" data-id=\"f8a2905\" data-element_type=\"container\" data-e-type=\"container\">\n\t\t<div class=\"elementor-element elementor-element-bf6c67e e-flex e-con-boxed e-con e-child\" data-id=\"bf6c67e\" data-element_type=\"container\" data-e-type=\"container\">\n\t\t\t\t\t<div class=\"e-con-inner\">\n\t\t\t\t<div class=\"elementor-element elementor-element-e5341c9 elementor-widget elementor-widget-heading\" data-id=\"e5341c9\" data-element_type=\"widget\" data-e-type=\"widget\" data-widget_type=\"heading.default\">\n\t\t\t\t<div class=\"elementor-widget-container\">\n\t\t\t\t\t<h2 class=\"elementor-heading-title elementor-size-default\">Download-Center<\/h2>\t\t\t\t<\/div>\n\t\t\t\t<\/div>\n\t\t\t\t<div class=\"elementor-element elementor-element-2d9c699 elementor-widget elementor-widget-text-editor\" data-id=\"2d9c699\" data-element_type=\"widget\" data-e-type=\"widget\" data-widget_type=\"text-editor.default\">\n\t\t\t\t<div class=\"elementor-widget-container\">\n\t\t\t\t\t\t\t\t\t<p>Mir\u00eb se vini n\u00eb Qendr\u00ebn ton\u00eb t\u00eb Shkarkimeve. K\u00ebtu do t\u00eb gjeni dokumente dhe formular\u00eb t\u00eb r\u00ebnd\u00ebsish\u00ebm q\u00eb lidhen me sh\u00ebrbimet tona. Ju lutemi zgjidhni dokumentin q\u00eb d\u00ebshironi t\u00eb shkarkoni nga opsionet e m\u00ebposhtme:<\/p>\t\t\t\t\t\t\t\t<\/div>\n\t\t\t\t<\/div>\n\t\t\t\t\t<\/div>\n\t\t\t\t<\/div>\n\t\t\t\t<div class=\"elementor-element elementor-element-70139dd elementor-icon-list--layout-traditional elementor-list-item-link-full_width elementor-widget elementor-widget-icon-list\" data-id=\"70139dd\" data-element_type=\"widget\" data-e-type=\"widget\" data-widget_type=\"icon-list.default\">\n\t\t\t\t<div class=\"elementor-widget-container\">\n\t\t\t\t\t\t\t<ul class=\"elementor-icon-list-items\">\n\t\t\t\t\t\t\t<li class=\"elementor-icon-list-item\">\n\t\t\t\t\t\t\t\t\t\t\t<a href=\"https:\/\/www.pikellimi.info\/wp-content\/uploads\/2025\/04\/Antrag.pdf\" target=\"_blank\">\n\n\t\t\t\t\t\t\t\t\t\t\t\t<span class=\"elementor-icon-list-icon\">\n\t\t\t\t\t\t\t<svg aria-hidden=\"true\" class=\"e-font-icon-svg e-fas-link\" viewbox=\"0 0 512 512\" xmlns=\"http:\/\/www.w3.org\/2000\/svg\"><path d=\"M326.612 185.391c59.747 59.809 58.927 155.698.36 214.59-.11.12-.24.25-.36.37l-67.2 67.2c-59.27 59.27-155.699 59.262-214.96 0-59.27-59.26-59.27-155.7 0-214.96l37.106-37.106c9.84-9.84 26.786-3.3 27.294 10.606.648 17.722 3.826 35.527 9.69 52.721 1.986 5.822.567 12.262-3.783 16.612l-13.087 13.087c-28.026 28.026-28.905 73.66-1.155 101.96 28.024 28.579 74.086 28.749 102.325.51l67.2-67.19c28.191-28.191 28.073-73.757 0-101.83-3.701-3.694-7.429-6.564-10.341-8.569a16.037 16.037 0 0 1-6.947-12.606c-.396-10.567 3.348-21.456 11.698-29.806l21.054-21.055c5.521-5.521 14.182-6.199 20.584-1.731a152.482 152.482 0 0 1 20.522 17.197zM467.547 44.449c-59.261-59.262-155.69-59.27-214.96 0l-67.2 67.2c-.12.12-.25.25-.36.37-58.566 58.892-59.387 154.781.36 214.59a152.454 152.454 0 0 0 20.521 17.196c6.402 4.468 15.064 3.789 20.584-1.731l21.054-21.055c8.35-8.35 12.094-19.239 11.698-29.806a16.037 16.037 0 0 0-6.947-12.606c-2.912-2.005-6.64-4.875-10.341-8.569-28.073-28.073-28.191-73.639 0-101.83l67.2-67.19c28.239-28.239 74.3-28.069 102.325.51 27.75 28.3 26.872 73.934-1.155 101.96l-13.087 13.087c-4.35 4.35-5.769 10.79-3.783 16.612 5.864 17.194 9.042 34.999 9.69 52.721.509 13.906 17.454 20.446 27.294 10.606l37.106-37.106c59.271-59.259 59.271-155.699.001-214.959z\"><\/path><\/svg>\t\t\t\t\t\t<\/span>\n\t\t\t\t\t\t\t\t\t\t<span class=\"elementor-icon-list-text\"><b>Formulari i Regjistrimit<\/b> Shkarkoni formularin ton\u00eb t\u00eb aplikimit p\u00ebr t'u regjistruar p\u00ebr sh\u00ebrbimet tona.<\/span>\n\t\t\t\t\t\t\t\t\t\t\t<\/a>\n\t\t\t\t\t\t\t\t\t<\/li>\n\t\t\t\t\t\t\t\t<li class=\"elementor-icon-list-item\">\n\t\t\t\t\t\t\t\t\t\t\t<a href=\"https:\/\/www.pikellimi.info\/wp-content\/uploads\/2025\/04\/AGB-Deutsch-11.2022.pdf\" target=\"_blank\">\n\n\t\t\t\t\t\t\t\t\t\t\t\t<span class=\"elementor-icon-list-icon\">\n\t\t\t\t\t\t\t<svg aria-hidden=\"true\" class=\"e-font-icon-svg e-fas-link\" viewbox=\"0 0 512 512\" xmlns=\"http:\/\/www.w3.org\/2000\/svg\"><path d=\"M326.612 185.391c59.747 59.809 58.927 155.698.36 214.59-.11.12-.24.25-.36.37l-67.2 67.2c-59.27 59.27-155.699 59.262-214.96 0-59.27-59.26-59.27-155.7 0-214.96l37.106-37.106c9.84-9.84 26.786-3.3 27.294 10.606.648 17.722 3.826 35.527 9.69 52.721 1.986 5.822.567 12.262-3.783 16.612l-13.087 13.087c-28.026 28.026-28.905 73.66-1.155 101.96 28.024 28.579 74.086 28.749 102.325.51l67.2-67.19c28.191-28.191 28.073-73.757 0-101.83-3.701-3.694-7.429-6.564-10.341-8.569a16.037 16.037 0 0 1-6.947-12.606c-.396-10.567 3.348-21.456 11.698-29.806l21.054-21.055c5.521-5.521 14.182-6.199 20.584-1.731a152.482 152.482 0 0 1 20.522 17.197zM467.547 44.449c-59.261-59.262-155.69-59.27-214.96 0l-67.2 67.2c-.12.12-.25.25-.36.37-58.566 58.892-59.387 154.781.36 214.59a152.454 152.454 0 0 0 20.521 17.196c6.402 4.468 15.064 3.789 20.584-1.731l21.054-21.055c8.35-8.35 12.094-19.239 11.698-29.806a16.037 16.037 0 0 0-6.947-12.606c-2.912-2.005-6.64-4.875-10.341-8.569-28.073-28.073-28.191-73.639 0-101.83l67.2-67.19c28.239-28.239 74.3-28.069 102.325.51 27.75 28.3 26.872 73.934-1.155 101.96l-13.087 13.087c-4.35 4.35-5.769 10.79-3.783 16.612 5.864 17.194 9.042 34.999 9.69 52.721.509 13.906 17.454 20.446 27.294 10.606l37.106-37.106c59.271-59.259 59.271-155.699.001-214.959z\"><\/path><\/svg>\t\t\t\t\t\t<\/span>\n\t\t\t\t\t\t\t\t\t\t<span class=\"elementor-icon-list-text\"><b>Termet dhe Kushtet (AGB)<\/b> Lexoni dhe shkarkoni Kushtet tona t\u00eb P\u00ebrgjithshme p\u00ebr p\u00ebrdorimin e sh\u00ebrbimeve tona.<\/span>\n\t\t\t\t\t\t\t\t\t\t\t<\/a>\n\t\t\t\t\t\t\t\t\t<\/li>\n\t\t\t\t\t\t<\/ul>\n\t\t\t\t\t\t<\/div>\n\t\t\t\t<\/div>\n\t\t\t\t<\/div>\n\t\t\t\t\t<\/div>\n\t\t\t\t<\/div>\n\t\t\t\t<\/div>","protected":false},"excerpt":{"rendered":"<p>Download-Center Willkommen in unserem Download-Center. Hier finden Sie wichtige Dokumente und Formulare im Zusammenhang mit unseren Dienstleistungen. Bitte w\u00e4hlen Sie das Dokument aus, das Sie herunterladen m\u00f6chten, aus den folgenden Optionen: Anmeldeformular &#8211; Laden Sie unser Antragsformular herunter, um sich f\u00fcr unsere Dienstleistungen zu bewerben. AGB &#8211; Lesen und laden Sie unsere Allgemeinen Gesch\u00e4ftsbedingungen f\u00fcr [&hellip;]<\/p>\n","protected":false},"author":1,"featured_media":0,"parent":0,"menu_order":0,"comment_status":"closed","ping_status":"closed","template":"","meta":{"footnotes":""},"class_list":["post-27","page","type-page","status-publish","hentry"],"yoast_head":"<!-- This site is optimized with the Yoast SEO plugin v27.4 - https:\/\/yoast.com\/product\/yoast-seo-wordpress\/ -->\n<title>Downloads - Pikellimi GmbH<\/title>\n<meta name=\"robots\" content=\"index, follow, max-snippet:-1, max-image-preview:large, max-video-preview:-1\" \/>\n<link rel=\"canonical\" href=\"https:\/\/www.pikellimi.info\/sq\/downloads\/\" \/>\n<meta property=\"og:locale\" content=\"sq_AL\" \/>\n<meta property=\"og:type\" content=\"article\" \/>\n<meta property=\"og:title\" content=\"Downloads - Pikellimi GmbH\" \/>\n<meta property=\"og:description\" content=\"Download-Center Willkommen in unserem Download-Center. Hier finden Sie wichtige Dokumente und Formulare im Zusammenhang mit unseren Dienstleistungen. Bitte w\u00e4hlen Sie das Dokument aus, das Sie herunterladen m\u00f6chten, aus den folgenden Optionen: Anmeldeformular &#8211; Laden Sie unser Antragsformular herunter, um sich f\u00fcr unsere Dienstleistungen zu bewerben. AGB &#8211; Lesen und laden Sie unsere Allgemeinen Gesch\u00e4ftsbedingungen f\u00fcr [&hellip;]\" \/>\n<meta property=\"og:url\" content=\"https:\/\/www.pikellimi.info\/sq\/downloads\/\" \/>\n<meta property=\"og:site_name\" content=\"Pikellimi GmbH\" \/>\n<meta property=\"article:publisher\" content=\"https:\/\/www.facebook.com\/people\/Pikellimi-sigurim\/100063480193163\/\" \/>\n<meta property=\"article:modified_time\" content=\"2025-04-09T12:25:36+00:00\" \/>\n<meta property=\"og:image\" content=\"https:\/\/www.pikellimi.info\/wp-content\/uploads\/2024\/05\/pikellimi-4.jpg\" \/>\n\t<meta property=\"og:image:width\" content=\"2000\" \/>\n\t<meta property=\"og:image:height\" content=\"1011\" \/>\n\t<meta property=\"og:image:type\" content=\"image\/jpeg\" \/>\n<meta name=\"twitter:card\" content=\"summary_large_image\" \/>\n<meta name=\"twitter:label1\" content=\"Est. reading time\" \/>\n\t<meta name=\"twitter:data1\" content=\"1 minut\u00eb\" \/>\n<script type=\"application\/ld+json\" class=\"yoast-schema-graph\">{\"@context\":\"https:\\\/\\\/schema.org\",\"@graph\":[{\"@type\":\"WebPage\",\"@id\":\"https:\\\/\\\/www.pikellimi.info\\\/downloads\\\/\",\"url\":\"https:\\\/\\\/www.pikellimi.info\\\/downloads\\\/\",\"name\":\"Downloads - Pikellimi GmbH\",\"isPartOf\":{\"@id\":\"https:\\\/\\\/www.pikellimi.info\\\/#website\"},\"primaryImageOfPage\":{\"@id\":\"https:\\\/\\\/www.pikellimi.info\\\/downloads\\\/#primaryimage\"},\"image\":{\"@id\":\"https:\\\/\\\/www.pikellimi.info\\\/downloads\\\/#primaryimage\"},\"thumbnailUrl\":\"https:\\\/\\\/www.pikellimi.info\\\/wp-content\\\/uploads\\\/2024\\\/05\\\/pikellimi-4-1024x518.jpg\",\"datePublished\":\"2024-03-28T15:33:55+00:00\",\"dateModified\":\"2025-04-09T12:25:36+00:00\",\"breadcrumb\":{\"@id\":\"https:\\\/\\\/www.pikellimi.info\\\/downloads\\\/#breadcrumb\"},\"inLanguage\":\"sq\",\"potentialAction\":[{\"@type\":\"ReadAction\",\"target\":[\"https:\\\/\\\/www.pikellimi.info\\\/downloads\\\/\"]}]},{\"@type\":\"ImageObject\",\"inLanguage\":\"sq\",\"@id\":\"https:\\\/\\\/www.pikellimi.info\\\/downloads\\\/#primaryimage\",\"url\":\"https:\\\/\\\/www.pikellimi.info\\\/wp-content\\\/uploads\\\/2024\\\/05\\\/pikellimi-4-1024x518.jpg\",\"contentUrl\":\"https:\\\/\\\/www.pikellimi.info\\\/wp-content\\\/uploads\\\/2024\\\/05\\\/pikellimi-4-1024x518.jpg\"},{\"@type\":\"BreadcrumbList\",\"@id\":\"https:\\\/\\\/www.pikellimi.info\\\/downloads\\\/#breadcrumb\",\"itemListElement\":[{\"@type\":\"ListItem\",\"position\":1,\"name\":\"Startseite\",\"item\":\"https:\\\/\\\/www.pikellimi.info\\\/\"},{\"@type\":\"ListItem\",\"position\":2,\"name\":\"Downloads\"}]},{\"@type\":\"WebSite\",\"@id\":\"https:\\\/\\\/www.pikellimi.info\\\/#website\",\"url\":\"https:\\\/\\\/www.pikellimi.info\\\/\",\"name\":\"Pikellimi GmbH\",\"description\":\"Brengat tuaj, obligimi YN\u00cb!\",\"potentialAction\":[{\"@type\":\"SearchAction\",\"target\":{\"@type\":\"EntryPoint\",\"urlTemplate\":\"https:\\\/\\\/www.pikellimi.info\\\/?s={search_term_string}\"},\"query-input\":{\"@type\":\"PropertyValueSpecification\",\"valueRequired\":true,\"valueName\":\"search_term_string\"}}],\"inLanguage\":\"sq\"}]}<\/script>\n<!-- \/ Yoast SEO plugin. -->","yoast_head_json":{"title":"Downloads - Pikellimi GmbH","robots":{"index":"index","follow":"follow","max-snippet":"max-snippet:-1","max-image-preview":"max-image-preview:large","max-video-preview":"max-video-preview:-1"},"canonical":"https:\/\/www.pikellimi.info\/sq\/downloads\/","og_locale":"sq_AL","og_type":"article","og_title":"Downloads - Pikellimi GmbH","og_description":"Download-Center Willkommen in unserem Download-Center. Hier finden Sie wichtige Dokumente und Formulare im Zusammenhang mit unseren Dienstleistungen. Bitte w\u00e4hlen Sie das Dokument aus, das Sie herunterladen m\u00f6chten, aus den folgenden Optionen: Anmeldeformular &#8211; Laden Sie unser Antragsformular herunter, um sich f\u00fcr unsere Dienstleistungen zu bewerben. AGB &#8211; Lesen und laden Sie unsere Allgemeinen Gesch\u00e4ftsbedingungen f\u00fcr [&hellip;]","og_url":"https:\/\/www.pikellimi.info\/sq\/downloads\/","og_site_name":"Pikellimi GmbH","article_publisher":"https:\/\/www.facebook.com\/people\/Pikellimi-sigurim\/100063480193163\/","article_modified_time":"2025-04-09T12:25:36+00:00","og_image":[{"width":2000,"height":1011,"url":"https:\/\/www.pikellimi.info\/wp-content\/uploads\/2024\/05\/pikellimi-4.jpg","type":"image\/jpeg"}],"twitter_card":"summary_large_image","twitter_misc":{"Est. reading time":"1 minut\u00eb"},"schema":{"@context":"https:\/\/schema.org","@graph":[{"@type":"WebPage","@id":"https:\/\/www.pikellimi.info\/downloads\/","url":"https:\/\/www.pikellimi.info\/downloads\/","name":"Downloads - Pikellimi GmbH","isPartOf":{"@id":"https:\/\/www.pikellimi.info\/#website"},"primaryImageOfPage":{"@id":"https:\/\/www.pikellimi.info\/downloads\/#primaryimage"},"image":{"@id":"https:\/\/www.pikellimi.info\/downloads\/#primaryimage"},"thumbnailUrl":"https:\/\/www.pikellimi.info\/wp-content\/uploads\/2024\/05\/pikellimi-4-1024x518.jpg","datePublished":"2024-03-28T15:33:55+00:00","dateModified":"2025-04-09T12:25:36+00:00","breadcrumb":{"@id":"https:\/\/www.pikellimi.info\/downloads\/#breadcrumb"},"inLanguage":"sq","potentialAction":[{"@type":"ReadAction","target":["https:\/\/www.pikellimi.info\/downloads\/"]}]},{"@type":"ImageObject","inLanguage":"sq","@id":"https:\/\/www.pikellimi.info\/downloads\/#primaryimage","url":"https:\/\/www.pikellimi.info\/wp-content\/uploads\/2024\/05\/pikellimi-4-1024x518.jpg","contentUrl":"https:\/\/www.pikellimi.info\/wp-content\/uploads\/2024\/05\/pikellimi-4-1024x518.jpg"},{"@type":"BreadcrumbList","@id":"https:\/\/www.pikellimi.info\/downloads\/#breadcrumb","itemListElement":[{"@type":"ListItem","position":1,"name":"Startseite","item":"https:\/\/www.pikellimi.info\/"},{"@type":"ListItem","position":2,"name":"Downloads"}]},{"@type":"WebSite","@id":"https:\/\/www.pikellimi.info\/#website","url":"https:\/\/www.pikellimi.info\/","name":"Pikellimi GmbH","description":"Brengat tuaj, obligimi YN\u00cb!","potentialAction":[{"@type":"SearchAction","target":{"@type":"EntryPoint","urlTemplate":"https:\/\/www.pikellimi.info\/?s={search_term_string}"},"query-input":{"@type":"PropertyValueSpecification","valueRequired":true,"valueName":"search_term_string"}}],"inLanguage":"sq"}]}},"_links":{"self":[{"href":"https:\/\/www.pikellimi.info\/sq\/wp-json\/wp\/v2\/pages\/27","targetHints":{"allow":["GET"]}}],"collection":[{"href":"https:\/\/www.pikellimi.info\/sq\/wp-json\/wp\/v2\/pages"}],"about":[{"href":"https:\/\/www.pikellimi.info\/sq\/wp-json\/wp\/v2\/types\/page"}],"author":[{"embeddable":true,"href":"https:\/\/www.pikellimi.info\/sq\/wp-json\/wp\/v2\/users\/1"}],"replies":[{"embeddable":true,"href":"https:\/\/www.pikellimi.info\/sq\/wp-json\/wp\/v2\/comments?post=27"}],"version-history":[{"count":61,"href":"https:\/\/www.pikellimi.info\/sq\/wp-json\/wp\/v2\/pages\/27\/revisions"}],"predecessor-version":[{"id":1162,"href":"https:\/\/www.pikellimi.info\/sq\/wp-json\/wp\/v2\/pages\/27\/revisions\/1162"}],"wp:attachment":[{"href":"https:\/\/www.pikellimi.info\/sq\/wp-json\/wp\/v2\/media?parent=27"}],"curies":[{"name":"wp","href":"https:\/\/api.w.org\/{rel}","templated":true}]}}