
{"id":25,"date":"2024-03-28T16:33:43","date_gmt":"2024-03-28T15:33:43","guid":{"rendered":"http:\/\/wp.pikellimi.info\/?page_id=25"},"modified":"2024-10-23T17:35:44","modified_gmt":"2024-10-23T15:35:44","slug":"leistungen","status":"publish","type":"page","link":"https:\/\/www.pikellimi.info\/sq\/leistungen\/","title":{"rendered":"Sh\u00ebrbimet"},"content":{"rendered":"<div data-elementor-type=\"wp-page\" data-elementor-id=\"25\" class=\"elementor elementor-25\" data-elementor-post-type=\"page\">\n\t\t\t\t<div class=\"elementor-element elementor-element-53088fc e-flex e-con-boxed e-con e-parent\" data-id=\"53088fc\" data-element_type=\"container\" data-e-type=\"container\" data-settings=\"{&quot;background_background&quot;:&quot;classic&quot;}\">\n\t\t\t\t\t<div class=\"e-con-inner\">\n\t\t\t\t\t<\/div>\n\t\t\t\t<\/div>\n\t\t<div class=\"elementor-element elementor-element-1796a8c e-flex e-con-boxed e-con e-parent\" data-id=\"1796a8c\" data-element_type=\"container\" data-e-type=\"container\">\n\t\t\t\t\t<div class=\"e-con-inner\">\n\t\t\t\t<div class=\"elementor-element elementor-element-d6c941e elementor-widget elementor-widget-heading\" data-id=\"d6c941e\" data-element_type=\"widget\" data-e-type=\"widget\" data-widget_type=\"heading.default\">\n\t\t\t\t<div class=\"elementor-widget-container\">\n\t\t\t\t\t<h2 class=\"elementor-heading-title elementor-size-default\">Sh\u00ebrbimet e m\u00ebposhtme ofrohen nga Pikellimi:<\/h2>\t\t\t\t<\/div>\n\t\t\t\t<\/div>\n\t\t\t\t\t<\/div>\n\t\t\t\t<\/div>\n\t\t<div class=\"elementor-element elementor-element-832a026 e-flex e-con-boxed e-con e-parent\" data-id=\"832a026\" data-element_type=\"container\" data-e-type=\"container\">\n\t\t\t\t\t<div class=\"e-con-inner\">\n\t\t<div class=\"elementor-element elementor-element-b69613b e-con-full e-flex e-con e-child\" data-id=\"b69613b\" data-element_type=\"container\" data-e-type=\"container\">\n\t\t\t\t<div class=\"elementor-element elementor-element-3c11961 elementor-position-left elementor-vertical-align-middle elementor-widget elementor-widget-image-box\" data-id=\"3c11961\" data-element_type=\"widget\" data-e-type=\"widget\" data-widget_type=\"image-box.default\">\n\t\t\t\t<div class=\"elementor-widget-container\">\n\t\t\t\t\t<div class=\"elementor-image-box-wrapper\"><figure class=\"elementor-image-box-img\"><a href=\"\/sq\/leistungen\/\" tabindex=\"-1\"><img decoding=\"async\" width=\"100\" height=\"100\" src=\"https:\/\/www.pikellimi.info\/wp-content\/uploads\/2024\/04\/pikellimi6.png\" class=\"attachment-full size-full wp-image-462\" alt=\"\" srcset=\"https:\/\/www.pikellimi.info\/wp-content\/uploads\/2024\/04\/pikellimi6.png 100w, https:\/\/www.pikellimi.info\/wp-content\/uploads\/2024\/04\/pikellimi6-12x12.png 12w\" sizes=\"(max-width: 100px) 100vw, 100px\" \/><\/a><\/figure><div class=\"elementor-image-box-content\"><h3 class=\"elementor-image-box-title\"><a href=\"\/sq\/leistungen\/\">Mbulimi i shpenzimeve t\u00eb varrimit<\/a><\/h3><p class=\"elementor-image-box-description\">Mbulim sigurimi p\u00ebr shpenzimet e varrimit p\u00ebr t\u00eb siguruar q\u00eb vdekja e nj\u00eb an\u00ebtari t\u00eb familjes t\u00eb mos shkaktoj\u00eb probleme financiare.<\/p><\/div><\/div>\t\t\t\t<\/div>\n\t\t\t\t<\/div>\n\t\t\t\t<\/div>\n\t\t<div class=\"elementor-element elementor-element-66821dd e-con-full e-flex e-con e-child\" data-id=\"66821dd\" data-element_type=\"container\" data-e-type=\"container\">\n\t\t\t\t<div class=\"elementor-element elementor-element-acafc3e elementor-position-left elementor-vertical-align-middle elementor-widget elementor-widget-image-box\" data-id=\"acafc3e\" data-element_type=\"widget\" data-e-type=\"widget\" data-widget_type=\"image-box.default\">\n\t\t\t\t<div class=\"elementor-widget-container\">\n\t\t\t\t\t<div class=\"elementor-image-box-wrapper\"><figure class=\"elementor-image-box-img\"><a href=\"\/sq\/leistungen\/\" tabindex=\"-1\"><img decoding=\"async\" width=\"100\" height=\"100\" src=\"https:\/\/www.pikellimi.info\/wp-content\/uploads\/2024\/04\/icons8-food-container-100.png\" class=\"attachment-full size-full wp-image-464\" alt=\"\" srcset=\"https:\/\/www.pikellimi.info\/wp-content\/uploads\/2024\/04\/icons8-food-container-100.png 100w, https:\/\/www.pikellimi.info\/wp-content\/uploads\/2024\/04\/icons8-food-container-100-12x12.png 12w\" sizes=\"(max-width: 100px) 100vw, 100px\" \/><\/a><\/figure><div class=\"elementor-image-box-content\"><h3 class=\"elementor-image-box-title\"><a href=\"\/sq\/leistungen\/\">Planifikimi i funeralit<\/a><\/h3><p class=\"elementor-image-box-description\">Ne mb\u00ebshtesim familjet n\u00eb planifikimin p\u00ebr raste zie p\u00ebr t\u2019i p\u00ebrgatitur ato p\u00ebr sfidat financiare dhe emocionale q\u00eb vijn\u00eb me humbjen e nj\u00eb personi t\u00eb dashur.<\/p><\/div><\/div>\t\t\t\t<\/div>\n\t\t\t\t<\/div>\n\t\t\t\t<\/div>\n\t\t<div class=\"elementor-element elementor-element-6092b95 e-con-full e-flex e-con e-child\" data-id=\"6092b95\" data-element_type=\"container\" data-e-type=\"container\">\n\t\t\t\t<div class=\"elementor-element elementor-element-66eb435 elementor-position-left elementor-vertical-align-middle elementor-widget elementor-widget-image-box\" data-id=\"66eb435\" data-element_type=\"widget\" data-e-type=\"widget\" data-widget_type=\"image-box.default\">\n\t\t\t\t<div class=\"elementor-widget-container\">\n\t\t\t\t\t<div class=\"elementor-image-box-wrapper\"><figure class=\"elementor-image-box-img\"><a href=\"\/sq\/leistungen\/\" tabindex=\"-1\"><img decoding=\"async\" width=\"100\" height=\"100\" src=\"https:\/\/www.pikellimi.info\/wp-content\/uploads\/2024\/04\/icons8-paperwork-100.png\" class=\"attachment-full size-full wp-image-463\" alt=\"\" srcset=\"https:\/\/www.pikellimi.info\/wp-content\/uploads\/2024\/04\/icons8-paperwork-100.png 100w, https:\/\/www.pikellimi.info\/wp-content\/uploads\/2024\/04\/icons8-paperwork-100-12x12.png 12w\" sizes=\"(max-width: 100px) 100vw, 100px\" \/><\/a><\/figure><div class=\"elementor-image-box-content\"><h3 class=\"elementor-image-box-title\"><a href=\"\/sq\/leistungen\/\">Organizimi i varrimit dhe formalitetet<\/a><\/h3><p class=\"elementor-image-box-description\">P\u00ebrve\u00e7 mbulimit t\u00eb sigurimit, ne ofrojm\u00eb mb\u00ebshtetje p\u00ebr organizimin e plot\u00eb t\u00eb varrimit dhe trajtimin e t\u00eb gjitha formaliteteve t\u00eb lidhura me t\u00eb.\n<\/p><\/div><\/div>\t\t\t\t<\/div>\n\t\t\t\t<\/div>\n\t\t\t\t<\/div>\n\t\t<div class=\"elementor-element elementor-element-3bd5966 e-con-full e-flex e-con e-child\" data-id=\"3bd5966\" data-element_type=\"container\" data-e-type=\"container\">\n\t\t\t\t<div class=\"elementor-element elementor-element-d9e92b5 elementor-position-left elementor-vertical-align-middle elementor-widget elementor-widget-image-box\" data-id=\"d9e92b5\" data-element_type=\"widget\" data-e-type=\"widget\" data-widget_type=\"image-box.default\">\n\t\t\t\t<div class=\"elementor-widget-container\">\n\t\t\t\t\t<div class=\"elementor-image-box-wrapper\"><figure class=\"elementor-image-box-img\"><a href=\"\/sq\/leistungen\/\" tabindex=\"-1\"><img loading=\"lazy\" decoding=\"async\" width=\"100\" height=\"100\" src=\"https:\/\/www.pikellimi.info\/wp-content\/uploads\/2024\/04\/pikellimi-7.png\" class=\"attachment-full size-full wp-image-465\" alt=\"\" srcset=\"https:\/\/www.pikellimi.info\/wp-content\/uploads\/2024\/04\/pikellimi-7.png 100w, https:\/\/www.pikellimi.info\/wp-content\/uploads\/2024\/04\/pikellimi-7-12x12.png 12w\" sizes=\"(max-width: 100px) 100vw, 100px\" \/><\/a><\/figure><div class=\"elementor-image-box-content\"><h3 class=\"elementor-image-box-title\"><a href=\"\/sq\/leistungen\/\">Sh\u00ebrbim i p\u00ebrqendruar te klient\u00ebt, i shpejt\u00eb dhe i leht\u00eb<\/a><\/h3><p class=\"elementor-image-box-description\">Ne i japim p\u00ebrpar\u00ebsi nj\u00eb sh\u00ebrbimi t\u00eb orientuar ndaj klientit, t\u00eb shpejt\u00eb dhe t\u00eb thjesht\u00eb p\u00ebr t\u00eb siguruar q\u00eb nevojat e klient\u00ebve tan\u00eb t\u00eb plot\u00ebsohen me efikasitet.<\/p><\/div><\/div>\t\t\t\t<\/div>\n\t\t\t\t<\/div>\n\t\t\t\t<\/div>\n\t\t<div class=\"elementor-element elementor-element-7918f98 e-con-full e-flex e-con e-child\" data-id=\"7918f98\" data-element_type=\"container\" data-e-type=\"container\">\n\t\t\t\t<div class=\"elementor-element elementor-element-dca28f8 elementor-position-left elementor-vertical-align-middle elementor-widget elementor-widget-image-box\" data-id=\"dca28f8\" data-element_type=\"widget\" data-e-type=\"widget\" data-widget_type=\"image-box.default\">\n\t\t\t\t<div class=\"elementor-widget-container\">\n\t\t\t\t\t<div class=\"elementor-image-box-wrapper\"><figure class=\"elementor-image-box-img\"><a href=\"\/sq\/leistungen\/\" tabindex=\"-1\"><img loading=\"lazy\" decoding=\"async\" width=\"100\" height=\"100\" src=\"https:\/\/www.pikellimi.info\/wp-content\/uploads\/2024\/03\/pikellimi-3.png\" class=\"attachment-full size-full wp-image-108\" alt=\"\" \/><\/a><\/figure><div class=\"elementor-image-box-content\"><h3 class=\"elementor-image-box-title\"><a href=\"\/sq\/leistungen\/\">Kontribute transparente dhe t\u00eb p\u00ebrballueshme<\/a><\/h3><p class=\"elementor-image-box-description\">Kompania jon\u00eb ofron paketa sigurimi me prime transparente dhe t\u00eb p\u00ebrballueshme p\u00ebr ta leht\u00ebsuar planifikimin e shpenzimeve t\u00eb varrimit p\u00ebr familjet.<\/p><\/div><\/div>\t\t\t\t<\/div>\n\t\t\t\t<\/div>\n\t\t\t\t<\/div>\n\t\t<div class=\"elementor-element elementor-element-94bd539 e-con-full e-flex e-con e-child\" data-id=\"94bd539\" data-element_type=\"container\" data-e-type=\"container\">\n\t\t\t\t<div class=\"elementor-element elementor-element-377edfc elementor-position-left elementor-vertical-align-middle elementor-widget elementor-widget-image-box\" data-id=\"377edfc\" data-element_type=\"widget\" data-e-type=\"widget\" data-widget_type=\"image-box.default\">\n\t\t\t\t<div class=\"elementor-widget-container\">\n\t\t\t\t\t<div class=\"elementor-image-box-wrapper\"><figure class=\"elementor-image-box-img\"><a href=\"\/sq\/leistungen\/\" tabindex=\"-1\"><img loading=\"lazy\" decoding=\"async\" width=\"100\" height=\"100\" src=\"https:\/\/www.pikellimi.info\/wp-content\/uploads\/2024\/04\/icons8-customer-support-100.png\" class=\"attachment-full size-full wp-image-469\" alt=\"\" srcset=\"https:\/\/www.pikellimi.info\/wp-content\/uploads\/2024\/04\/icons8-customer-support-100.png 100w, https:\/\/www.pikellimi.info\/wp-content\/uploads\/2024\/04\/icons8-customer-support-100-12x12.png 12w\" sizes=\"(max-width: 100px) 100vw, 100px\" \/><\/a><\/figure><div class=\"elementor-image-box-content\"><h3 class=\"elementor-image-box-title\"><a href=\"\/sq\/leistungen\/\">Mb\u00ebshtetje e gjithanshme me \u00e7\u00ebshtje financiare dhe organizative<\/a><\/h3><p class=\"elementor-image-box-description\">Ne ofrojm\u00eb mb\u00ebshtetje gjith\u00ebp\u00ebrfshir\u00ebse p\u00ebr \u00e7\u00ebshtjet financiare dhe organizative p\u00ebr t\u00eb ndihmuar familjet n\u00eb menaxhimin e kompleksitetit t\u00eb planifikimit t\u00eb varrimit.\n<\/p><\/div><\/div>\t\t\t\t<\/div>\n\t\t\t\t<\/div>\n\t\t\t\t<\/div>\n\t\t<div class=\"elementor-element elementor-element-b6e82f9 e-con-full e-flex e-con e-child\" data-id=\"b6e82f9\" data-element_type=\"container\" data-e-type=\"container\">\n\t\t\t\t<div class=\"elementor-element elementor-element-9cfebcc elementor-position-left elementor-vertical-align-middle elementor-widget elementor-widget-image-box\" data-id=\"9cfebcc\" data-element_type=\"widget\" data-e-type=\"widget\" data-widget_type=\"image-box.default\">\n\t\t\t\t<div class=\"elementor-widget-container\">\n\t\t\t\t\t<div class=\"elementor-image-box-wrapper\"><figure class=\"elementor-image-box-img\"><a href=\"\/sq\/leistungen\/\" tabindex=\"-1\"><img loading=\"lazy\" decoding=\"async\" width=\"100\" height=\"100\" src=\"https:\/\/www.pikellimi.info\/wp-content\/uploads\/2024\/04\/icons8-around-the-globe-100.png\" class=\"attachment-full size-full wp-image-461\" alt=\"\" srcset=\"https:\/\/www.pikellimi.info\/wp-content\/uploads\/2024\/04\/icons8-around-the-globe-100.png 100w, https:\/\/www.pikellimi.info\/wp-content\/uploads\/2024\/04\/icons8-around-the-globe-100-12x12.png 12w\" sizes=\"(max-width: 100px) 100vw, 100px\" \/><\/a><\/figure><div class=\"elementor-image-box-content\"><h3 class=\"elementor-image-box-title\"><a href=\"\/sq\/leistungen\/\">Minimizimi i barr\u00ebs shtes\u00eb p\u00ebr vart\u00ebsit e mbijetuar<\/a><\/h3><p class=\"elementor-image-box-description\">K\u00ebto sh\u00ebrbime synojn\u00eb t\u00eb minimizojn\u00eb barr\u00ebn shtes\u00eb p\u00ebr t\u00eb af\u00ebrmit dhe t\u2019u mund\u00ebsojn\u00eb atyre t\u00eb p\u00ebrqendrohen n\u00eb \u00e7\u00ebshtje m\u00eb t\u00eb r\u00ebnd\u00ebsishme.<\/p><\/div><\/div>\t\t\t\t<\/div>\n\t\t\t\t<\/div>\n\t\t\t\t<\/div>\n\t\t<div class=\"elementor-element elementor-element-c80b859 e-con-full e-flex e-con e-child\" data-id=\"c80b859\" data-element_type=\"container\" data-e-type=\"container\">\n\t\t\t\t<div class=\"elementor-element elementor-element-fb5be0a elementor-position-left elementor-vertical-align-middle elementor-widget elementor-widget-image-box\" data-id=\"fb5be0a\" data-element_type=\"widget\" data-e-type=\"widget\" data-widget_type=\"image-box.default\">\n\t\t\t\t<div class=\"elementor-widget-container\">\n\t\t\t\t\t<div class=\"elementor-image-box-wrapper\"><figure class=\"elementor-image-box-img\"><a href=\"\/sq\/leistungen\/\" tabindex=\"-1\"><img loading=\"lazy\" decoding=\"async\" width=\"100\" height=\"100\" src=\"https:\/\/www.pikellimi.info\/wp-content\/uploads\/2024\/04\/icons8-guarantee-100.png\" class=\"attachment-full size-full wp-image-470\" alt=\"\" srcset=\"https:\/\/www.pikellimi.info\/wp-content\/uploads\/2024\/04\/icons8-guarantee-100.png 100w, https:\/\/www.pikellimi.info\/wp-content\/uploads\/2024\/04\/icons8-guarantee-100-12x12.png 12w\" sizes=\"(max-width: 100px) 100vw, 100px\" \/><\/a><\/figure><div class=\"elementor-image-box-content\"><h3 class=\"elementor-image-box-title\"><a href=\"\/sq\/leistungen\/\">Garancia e mb\u00ebshtetjes n\u00eb rast emergjence<\/a><\/h3><p class=\"elementor-image-box-description\">Ne garantojm\u00eb mb\u00ebshtetje n\u00eb rast t\u00eb nj\u00eb vdekjeje dhe sigurojm\u00eb q\u00eb familjet t\u00eb marrin ndihm\u00ebn e nevojshme gjat\u00eb koh\u00ebve t\u00eb v\u00ebshtira.<\/p><\/div><\/div>\t\t\t\t<\/div>\n\t\t\t\t<\/div>\n\t\t\t\t<\/div>\n\t\t\t\t\t<\/div>\n\t\t\t\t<\/div>\n\t\t\t\t<\/div>","protected":false},"excerpt":{"rendered":"<p>Die folgenden Dienstleistungen werden von Pikellimi angeboten: Bestattungskosten\u00fcbernahme Versicherungsschutz f\u00fcr Bestattungskosten, um sicherzustellen, dass der Tod eines Familienmitglieds keine finanziellen Probleme verursacht. Trauerfall-Vorsorge Wir unterst\u00fctzen Familien bei der Vorsorge f\u00fcr den Trauerfall, um sie auf die finanziellen und emotionalen Herausforderungen vorzubereiten, die mit dem Tod eines geliebten Menschen einhergehen. Bestattungsorganisation und Formalit\u00e4ten Neben Versicherungsschutz bieten [&hellip;]<\/p>\n","protected":false},"author":1,"featured_media":0,"parent":0,"menu_order":0,"comment_status":"closed","ping_status":"closed","template":"","meta":{"footnotes":""},"class_list":["post-25","page","type-page","status-publish","hentry"],"yoast_head":"<!-- This site is optimized with the Yoast SEO plugin v27.4 - https:\/\/yoast.com\/product\/yoast-seo-wordpress\/ -->\n<title>Leistungen - Pikellimi GmbH<\/title>\n<meta name=\"robots\" content=\"index, follow, max-snippet:-1, max-image-preview:large, max-video-preview:-1\" \/>\n<link rel=\"canonical\" href=\"https:\/\/www.pikellimi.info\/sq\/leistungen\/\" \/>\n<meta property=\"og:locale\" content=\"sq_AL\" \/>\n<meta property=\"og:type\" content=\"article\" \/>\n<meta property=\"og:title\" content=\"Leistungen - Pikellimi GmbH\" \/>\n<meta property=\"og:description\" content=\"Die folgenden Dienstleistungen werden von Pikellimi angeboten: Bestattungskosten\u00fcbernahme Versicherungsschutz f\u00fcr Bestattungskosten, um sicherzustellen, dass der Tod eines Familienmitglieds keine finanziellen Probleme verursacht. Trauerfall-Vorsorge Wir unterst\u00fctzen Familien bei der Vorsorge f\u00fcr den Trauerfall, um sie auf die finanziellen und emotionalen Herausforderungen vorzubereiten, die mit dem Tod eines geliebten Menschen einhergehen. Bestattungsorganisation und Formalit\u00e4ten Neben Versicherungsschutz bieten [&hellip;]\" \/>\n<meta property=\"og:url\" content=\"https:\/\/www.pikellimi.info\/sq\/leistungen\/\" \/>\n<meta property=\"og:site_name\" content=\"Pikellimi GmbH\" \/>\n<meta property=\"article:publisher\" content=\"https:\/\/www.facebook.com\/people\/Pikellimi-sigurim\/100063480193163\/\" \/>\n<meta property=\"article:modified_time\" content=\"2024-10-23T15:35:44+00:00\" \/>\n<meta property=\"og:image\" content=\"http:\/\/wp.pikellimi.info\/wp-content\/uploads\/2024\/04\/pikellimi6.png\" \/>\n<meta name=\"twitter:card\" content=\"summary_large_image\" \/>\n<meta name=\"twitter:label1\" content=\"Est. reading time\" \/>\n\t<meta name=\"twitter:data1\" content=\"1 minut\u00eb\" \/>\n<script type=\"application\/ld+json\" class=\"yoast-schema-graph\">{\"@context\":\"https:\\\/\\\/schema.org\",\"@graph\":[{\"@type\":\"WebPage\",\"@id\":\"https:\\\/\\\/www.pikellimi.info\\\/leistungen\\\/\",\"url\":\"https:\\\/\\\/www.pikellimi.info\\\/leistungen\\\/\",\"name\":\"Leistungen - Pikellimi GmbH\",\"isPartOf\":{\"@id\":\"https:\\\/\\\/www.pikellimi.info\\\/#website\"},\"primaryImageOfPage\":{\"@id\":\"https:\\\/\\\/www.pikellimi.info\\\/leistungen\\\/#primaryimage\"},\"image\":{\"@id\":\"https:\\\/\\\/www.pikellimi.info\\\/leistungen\\\/#primaryimage\"},\"thumbnailUrl\":\"http:\\\/\\\/wp.pikellimi.info\\\/wp-content\\\/uploads\\\/2024\\\/04\\\/pikellimi6.png\",\"datePublished\":\"2024-03-28T15:33:43+00:00\",\"dateModified\":\"2024-10-23T15:35:44+00:00\",\"breadcrumb\":{\"@id\":\"https:\\\/\\\/www.pikellimi.info\\\/leistungen\\\/#breadcrumb\"},\"inLanguage\":\"sq\",\"potentialAction\":[{\"@type\":\"ReadAction\",\"target\":[\"https:\\\/\\\/www.pikellimi.info\\\/leistungen\\\/\"]}]},{\"@type\":\"ImageObject\",\"inLanguage\":\"sq\",\"@id\":\"https:\\\/\\\/www.pikellimi.info\\\/leistungen\\\/#primaryimage\",\"url\":\"http:\\\/\\\/wp.pikellimi.info\\\/wp-content\\\/uploads\\\/2024\\\/04\\\/pikellimi6.png\",\"contentUrl\":\"http:\\\/\\\/wp.pikellimi.info\\\/wp-content\\\/uploads\\\/2024\\\/04\\\/pikellimi6.png\"},{\"@type\":\"BreadcrumbList\",\"@id\":\"https:\\\/\\\/www.pikellimi.info\\\/leistungen\\\/#breadcrumb\",\"itemListElement\":[{\"@type\":\"ListItem\",\"position\":1,\"name\":\"Startseite\",\"item\":\"https:\\\/\\\/www.pikellimi.info\\\/\"},{\"@type\":\"ListItem\",\"position\":2,\"name\":\"Leistungen\"}]},{\"@type\":\"WebSite\",\"@id\":\"https:\\\/\\\/www.pikellimi.info\\\/#website\",\"url\":\"https:\\\/\\\/www.pikellimi.info\\\/\",\"name\":\"Pikellimi GmbH\",\"description\":\"Brengat tuaj, obligimi YN\u00cb!\",\"potentialAction\":[{\"@type\":\"SearchAction\",\"target\":{\"@type\":\"EntryPoint\",\"urlTemplate\":\"https:\\\/\\\/www.pikellimi.info\\\/?s={search_term_string}\"},\"query-input\":{\"@type\":\"PropertyValueSpecification\",\"valueRequired\":true,\"valueName\":\"search_term_string\"}}],\"inLanguage\":\"sq\"}]}<\/script>\n<!-- \/ Yoast SEO plugin. -->","yoast_head_json":{"title":"Leistungen - Pikellimi GmbH","robots":{"index":"index","follow":"follow","max-snippet":"max-snippet:-1","max-image-preview":"max-image-preview:large","max-video-preview":"max-video-preview:-1"},"canonical":"https:\/\/www.pikellimi.info\/sq\/leistungen\/","og_locale":"sq_AL","og_type":"article","og_title":"Leistungen - Pikellimi GmbH","og_description":"Die folgenden Dienstleistungen werden von Pikellimi angeboten: Bestattungskosten\u00fcbernahme Versicherungsschutz f\u00fcr Bestattungskosten, um sicherzustellen, dass der Tod eines Familienmitglieds keine finanziellen Probleme verursacht. Trauerfall-Vorsorge Wir unterst\u00fctzen Familien bei der Vorsorge f\u00fcr den Trauerfall, um sie auf die finanziellen und emotionalen Herausforderungen vorzubereiten, die mit dem Tod eines geliebten Menschen einhergehen. Bestattungsorganisation und Formalit\u00e4ten Neben Versicherungsschutz bieten [&hellip;]","og_url":"https:\/\/www.pikellimi.info\/sq\/leistungen\/","og_site_name":"Pikellimi GmbH","article_publisher":"https:\/\/www.facebook.com\/people\/Pikellimi-sigurim\/100063480193163\/","article_modified_time":"2024-10-23T15:35:44+00:00","og_image":[{"url":"http:\/\/wp.pikellimi.info\/wp-content\/uploads\/2024\/04\/pikellimi6.png","type":"","width":"","height":""}],"twitter_card":"summary_large_image","twitter_misc":{"Est. reading time":"1 minut\u00eb"},"schema":{"@context":"https:\/\/schema.org","@graph":[{"@type":"WebPage","@id":"https:\/\/www.pikellimi.info\/leistungen\/","url":"https:\/\/www.pikellimi.info\/leistungen\/","name":"Leistungen - Pikellimi GmbH","isPartOf":{"@id":"https:\/\/www.pikellimi.info\/#website"},"primaryImageOfPage":{"@id":"https:\/\/www.pikellimi.info\/leistungen\/#primaryimage"},"image":{"@id":"https:\/\/www.pikellimi.info\/leistungen\/#primaryimage"},"thumbnailUrl":"http:\/\/wp.pikellimi.info\/wp-content\/uploads\/2024\/04\/pikellimi6.png","datePublished":"2024-03-28T15:33:43+00:00","dateModified":"2024-10-23T15:35:44+00:00","breadcrumb":{"@id":"https:\/\/www.pikellimi.info\/leistungen\/#breadcrumb"},"inLanguage":"sq","potentialAction":[{"@type":"ReadAction","target":["https:\/\/www.pikellimi.info\/leistungen\/"]}]},{"@type":"ImageObject","inLanguage":"sq","@id":"https:\/\/www.pikellimi.info\/leistungen\/#primaryimage","url":"http:\/\/wp.pikellimi.info\/wp-content\/uploads\/2024\/04\/pikellimi6.png","contentUrl":"http:\/\/wp.pikellimi.info\/wp-content\/uploads\/2024\/04\/pikellimi6.png"},{"@type":"BreadcrumbList","@id":"https:\/\/www.pikellimi.info\/leistungen\/#breadcrumb","itemListElement":[{"@type":"ListItem","position":1,"name":"Startseite","item":"https:\/\/www.pikellimi.info\/"},{"@type":"ListItem","position":2,"name":"Leistungen"}]},{"@type":"WebSite","@id":"https:\/\/www.pikellimi.info\/#website","url":"https:\/\/www.pikellimi.info\/","name":"Pikellimi GmbH","description":"Brengat tuaj, obligimi YN\u00cb!","potentialAction":[{"@type":"SearchAction","target":{"@type":"EntryPoint","urlTemplate":"https:\/\/www.pikellimi.info\/?s={search_term_string}"},"query-input":{"@type":"PropertyValueSpecification","valueRequired":true,"valueName":"search_term_string"}}],"inLanguage":"sq"}]}},"_links":{"self":[{"href":"https:\/\/www.pikellimi.info\/sq\/wp-json\/wp\/v2\/pages\/25","targetHints":{"allow":["GET"]}}],"collection":[{"href":"https:\/\/www.pikellimi.info\/sq\/wp-json\/wp\/v2\/pages"}],"about":[{"href":"https:\/\/www.pikellimi.info\/sq\/wp-json\/wp\/v2\/types\/page"}],"author":[{"embeddable":true,"href":"https:\/\/www.pikellimi.info\/sq\/wp-json\/wp\/v2\/users\/1"}],"replies":[{"embeddable":true,"href":"https:\/\/www.pikellimi.info\/sq\/wp-json\/wp\/v2\/comments?post=25"}],"version-history":[{"count":64,"href":"https:\/\/www.pikellimi.info\/sq\/wp-json\/wp\/v2\/pages\/25\/revisions"}],"predecessor-version":[{"id":1045,"href":"https:\/\/www.pikellimi.info\/sq\/wp-json\/wp\/v2\/pages\/25\/revisions\/1045"}],"wp:attachment":[{"href":"https:\/\/www.pikellimi.info\/sq\/wp-json\/wp\/v2\/media?parent=25"}],"curies":[{"name":"wp","href":"https:\/\/api.w.org\/{rel}","templated":true}]}}