
{"id":74,"date":"2024-03-29T13:20:21","date_gmt":"2024-03-29T12:20:21","guid":{"rendered":"http:\/\/wp.pikellimi.info\/?page_id=74"},"modified":"2024-04-03T13:51:38","modified_gmt":"2024-04-03T11:51:38","slug":"agb","status":"publish","type":"page","link":"https:\/\/www.pikellimi.info\/en\/agb\/","title":{"rendered":"Agb"},"content":{"rendered":"<div data-elementor-type=\"wp-page\" data-elementor-id=\"74\" class=\"elementor elementor-74\" data-elementor-post-type=\"page\">\n\t\t\t\t<div class=\"elementor-element elementor-element-a119676 e-flex e-con-boxed e-con e-parent\" data-id=\"a119676\" data-element_type=\"container\" data-e-type=\"container\">\n\t\t\t\t\t<div class=\"e-con-inner\">\n\t\t<div class=\"elementor-element elementor-element-9e2c4c0 e-flex e-con-boxed e-con e-child\" data-id=\"9e2c4c0\" data-element_type=\"container\" data-e-type=\"container\">\n\t\t\t\t\t<div class=\"e-con-inner\">\n\t\t\t\t<div class=\"elementor-element elementor-element-30959f1 elementor-widget elementor-widget-text-editor\" data-id=\"30959f1\" data-element_type=\"widget\" data-e-type=\"widget\" data-widget_type=\"text-editor.default\">\n\t\t\t\t<div class=\"elementor-widget-container\">\n\t\t\t\t\t\t\t\t\t<p class=\"translation-block\"><strong>Allgemeine Gesch\u00e4ftsbedingungen (AGB)<\/strong><br><strong>Trauerfall-Vorsorge der Firma Pikellimi GmbH<\/strong><\/p><p class=\"translation-block\"><strong>\u00a7 1 Ziel der&nbsp;Trauerfall-Vorsorge<\/strong><br>1. Die Trauerfall-Vorsorge ist eine zweckgebundene Einrichtung der Firma Pikellimi GmbH, die die Unterst\u00fctzung und Solidarisierung<br>zwischen dem Vorsorgenehmer der Firma Pikellimi GmbH organisiert mit dem Ziel, diesen und dessen Familienangeh\u00f6rigen bei allen bei Bestattungen auftretenden Problemen und Kosten zu unterst\u00fctzen.<\/p><p class=\"translation-block\"><strong>\u00a7 2 Vorsorge<\/strong><br>1. Vorsorgenehmer k\u00f6nnen alle sein, die das 18. Lebensjahr vollendet haben.<br>2. Der Vorsorgenehmer muss seinen st\u00e4ndigen Wohnsitz in Deutschland, in der EU-\/EWR-Land oder in der Schweiz haben<\/p><p class=\"translation-block\"><strong>\u00a7 3 Aufnahme der Vorsorge<\/strong><br>1. Die Aufnahme in die Vorsorge erfolgt auf schriftlichen Antrag. F\u00fcr den Antrag ist das vorgedruckte Antragsformular der&nbsp;Pikellimi GmbH&nbsp;zu verwenden.<br>2. Der Antrag ist mit den erforderlichen Unterlagen an die Gesch\u00e4ftsadresse der Firma Pikellimi GmbH \u2013 Postfach 12 54 \u2013<br>63552 Gelnhausen. Es werden nur vollst\u00e4ndig ausgef\u00fcllte und mit s\u00e4mtlichen erforderlichen Unterlagen versehene Antragsformulare bearbeitet.<br>3. Es besteht kein Rechtsanspruch auf die Aufnahme der Vorsorgenehmer. Die Firma Pikellimi GmbH kann den Vorsorgenehmer ablehnen. Eine Begr\u00fcndung der Ablehnung ist nicht erforderlich.<\/p><p class=\"translation-block\"><strong>\u00a7 4 Beginn der Vorsorge<\/strong><br>Die Vorsorge beginnt erst, wenn:<br>1. Der Trauerfall-Vorsorgeschein an das Vorsorgenehmer versandt ist und nachfolgende Voraussetzungen vorliegen:<br>2. Die Aufnahmegeb\u00fchr gem. \u00a7 5 und der erste Jahresbeitrag gem. \u00a7 6 sind bezahlt und die Wartezeiten gem. \u00a7 4 Nr. 3 sind abgelaufen.<br>3. Wartezeit 180 Tage nach Zahlungseingang.<br>4. Kommt ein Vorsorgenehmer nach Zahlungseingang durch einen Unfall ums Leben, entfallen die in \u00a7 4 Nr. 3 genannten Wartezeiten.<\/p><p class=\"translation-block\"><strong>\u00a7 5 Aufnahmegeb\u00fchren<\/strong><br>1. Bei der Aufnahme sind folgende Aufnahmegeb\u00fchren an den Pikellimi GmbH gestaffelt nach Altersgruppen zu entrichten:<\/p><p><strong>\u00a0\u00a0\u00a0\u00a0\u00a0\u00a0\u00a0\u00a0\u00a0\u00a0\u00a0\u00a0\u00a0\u00a0\u00a0\u00a0\u00a0\u00a0\u00a0\u00a0\u00a0\u00a0\u00a0\u00a0\u00a0\u00a018 \u2013 29 Jahren \/ 0,00 Euro<\/strong><\/p><p><strong>\u00a0\u00a0\u00a0\u00a0\u00a0\u00a0\u00a0\u00a0\u00a0\u00a0\u00a0\u00a0\u00a0\u00a0\u00a0\u00a0\u00a0\u00a0\u00a0\u00a0\u00a0\u00a0\u00a0\u00a0\u00a0\u00a030 \u2013 49 Jahren \/ 49,95 Euro\u00a0\u00a0<\/strong><\/p><p><strong>\u00a0 \u00a0 \u00a0 \u00a0 \u00a0 \u00a0 \u00a0 \u00a0 \u00a0 \u00a0 \u00a0 \u00a0 \u00a0 50 \u2013 54 Jahren \/ 399,95 Euro\u00a0<\/strong><\/p><p><strong>\u00a0 \u00a0 \u00a0 \u00a0 \u00a0 \u00a0 \u00a0 \u00a0 \u00a0 \u00a0 \u00a0 \u00a0 \u00a0 55-59 Jahren \/ 899,95 Euro<\/strong><\/p><p><strong>\u00a0\u00a0\u00a0\u00a0\u00a0\u00a0\u00a0\u00a0\u00a0\u00a0\u00a0\u00a0\u00a0\u00a0\u00a0\u00a0\u00a0\u00a0\u00a0\u00a0\u00a0\u00a0\u00a0\u00a0\u00a0 Ab 60 Jahren \/ Infos nur \u00fcber die Kundenbetreuung<\/strong><\/p><p>2. Die vorgenannten Aufnahmegeb\u00fchren sind f\u00e4llig zwei Wochen nach Zugang des Trauerfall-Vorsorgescheins.<\/p><p class=\"translation-block\"><strong>\u00a7 6 Jahreskostenbeitrag und Zahlungsbedingungen<\/strong><br>1. Der Jahreskostenbeitrag betr\u00e4gt \u20ac 119,95 und ist von jedem Vorsorgenehmer im Voraus zu zahlen. Der erste Jahresbetrag innerhalb von zwei Wochen nach Zugang des Trauerfall-Vorsorgescheins. Die Folgebeitr\u00e4ge sind j\u00e4hrlich jeweils am 3. Werktag des Aufnahmemonats f\u00e4llig.<br>2. Der Jahreskostenbetrag wird grunds\u00e4tzlich per Einzugserm\u00e4chtigung von dem Konto der Vorsorgenehmer abgebucht. Bei R\u00fccklastschriften tr\u00e4gt der Vorsorgenehmer die entstanden Kosten.<br>3. Die Unterst\u00fctzung der Trauerfall-Vorsorge&nbsp;entf\u00e4llt, wenn der Vorsorgenehmer mit dem Jahreskostenbeitrag mehr als einen Monat in Verzug ger\u00e4t.<\/p><p class=\"translation-block\"><strong>\u00a7 7 Beg\u00fcnstigter Personenkreis<\/strong><br>1. F\u00fcr folgende Personen k\u00f6nnen Unterst\u00fctzungen der Trauerfall-Vorsorge bewilligt werden:<br>a. Der Vorsorgenehmer und der\/die Ehegatte\/in;<br>b. Kinder des Vorsorgenehmer, die das 18.Lebensjahr noch nicht vollendet haben;<br>c. Kinder des Vorsorgenehmer, die Studenten oder Sch\u00fcler sind, sofern sie das 27. Lebensjahr noch nicht vollendet haben, ledig sind und \u00fcber kein eignes Einkommen verf\u00fcgen;<br>d. die schwerbehinderten Kinder (50%) der Vorsorgenehmer, die \u00fcber keine eigenes Einkommen verf\u00fcgen (ohne Altersbeschr\u00e4nkung).<br>e. Die oben genannten Personen verlieren ohne vorherige Ank\u00fcndigung die Unterst\u00fctzung der Trauerfall-Vorsorge, soweit die nach Abs. 1 erforderlichen Voraussetzungen wegfallen. Personen, die die Voraussetzungen der Nrn. 1 a. bis d. nicht mehr erf\u00fcllen, k\u00f6nnen jedoch (z.B. bei Ehescheidung, Eintritt in die Vollj\u00e4hrigkeit etc.) einen eigenen Aufnahmeantrag stellen. In diesen F\u00e4llen entf\u00e4llt die Aufnahmegeb\u00fchr. Der Jahreskostenbeitrag des jeweiligen Jahres ist jedoch zu entrichten.<\/p><p class=\"translation-block\"><strong>\u00a7 8 Unterst\u00fctzungsumfang f\u00fcr Vorsorgenehmer<\/strong><br>1. Sobald der Vorsorgenehmer oder die n\u00e4chsten Angeh\u00f6rige i.S.d. \u00a7 7 im Sterbefall die Pikellimi GmbH benachrichtigen, wird durch die Trauerfall-Vorsorge ein Vertragsbestattungsinstitut mit der Erbringung folgender Aufgaben beauftragt:<br>a. Erledigung s\u00e4mtlicher Beh\u00f6rdenangelegenheiten,<br>b. Vorbereitung des Leichnams entsprechend den im Aufnahmeantrag gew\u00e4hlten Vorschriften,<br>c. Der Leichnam wird bis zum Ort der Beerdigung transportiert,<br>d. der Leichnam wird entsprechend den europ\u00e4ischen Standards eingesargt.<br>2. Die Angeh\u00f6rigen des Verstorbenen d\u00fcrfen ohne R\u00fccksprache mit der \u201ePikellimi GmbH\u201c kein anderes Bestattungsunternehmen beauftragen. In solchen F\u00e4llen \u00fcbernimmt die \u201ePikellimi GmbH\u201c keine Kosten.<br>3. F\u00fcr diejenigen, die in einem EU\/EWR-Land oder in der Schweiz bestattet werden, k\u00f6nnen nur Dokumente und Transportkosten von bis zu 2.000 Euro \u00fcbernommen werden.<br>4. Wenn ein Vorsorgenehmer w\u00e4hrend des Urlaubs in seinem Heimatland stirbt, erhalten seine Hinterbliebenen einen Betrag in H\u00f6he von 500 Euro einmalig als Beihilfe.<br>5. Diejenigen, die au\u00dferhalb eines EU\/EWR-Landes oder der Schweiz verstorben sind, k\u00f6nnen auf Wunsch in ein EU\/EWR-Land oder in die Schweiz \u00fcberf\u00fchrt und bestattet werden, Die Kosten\u00fcbernahme (nur Dokumente und Transportkosten) durch die Pikellimi GmbH wird in diesen F\u00e4llen auf 3.500 Euro begrenzt.<br>6. Bei Fehlgeburten (unter 500g) i.S.d. Bestattungsgesetze der L\u00e4nder k\u00f6nnen nur Bestattungskosten bis zu 700,00 Euro \u00fcbernommen werden.<br>7. Folgende Dokumente und Belege m\u00fcssen dem vorgegebenen Vertragsbestattungsinstitut zur Verf\u00fcgung gestellt werden: Personalausweis, Pass, Totenschein bzw. Todesbericht, die Heiratsurkunde (international g\u00fcltig, ansonsten mit \u00dcbersetzung ins Deutsche), der Trauerfall-Vorsorgeschein. F\u00fcr die durch Nichtvorlage der in Abs. 7 aufgez\u00e4hlten Dokumente entstehenden Kosten kann die Firma Pikellimi GmbH keine Haftung \u00fcbernehmen.<br>8. F\u00fcr eventuelle Verz\u00f6gerungen oder Versp\u00e4tungen, die nicht auf das Verschulden der Firma Pikellimi GmbH zur\u00fcckzuf\u00fchren sind (z.B. bedingt durch Feiertage, Versp\u00e4tung oder Ausfall von Fl\u00fcgen oder des Bestattungsunternehmens), \u00fcbernimmt die Firma Pikellimi GmbH keine Haftung.<\/p><p class=\"translation-block\"><strong>\u00a7 9 Mitteilungspflicht der Vorsorgenehmer<\/strong><br>1. Jeder Vorsorgenehmer ist verpflichtet, Angaben bez\u00fcglich seiner Person und seiner Familienmitglieder der Pikellimi GmbH vollst\u00e4ndig und wahrheitsgem\u00e4\u00df mitzuteilen. Die Pikellimi GmbH \u00fcbernimmt keine Verantwortung f\u00fcr die aufgrund der fehlenden Angaben\/Unterlagen resultierenden Nachteile.<\/p><p class=\"translation-block\"><strong>\u00a7 10 Beendigung des Vertragsverh\u00e4ltnisses<\/strong><br>1. Die Laufzeit des Vertrages betr\u00e4gt zwei Jahre. Sie verl\u00e4ngert sich um jeweils ein Jahr, wenn der Vertrag nicht entsprechend den nachfolgenden Bedingungen beendigt wird.<br>2. Die Vorsorge endet durch K\u00fcndigung, Ausschluss oder Tod.<br>3. Jeder Vorsorgenehmer kann die zum Ende eines Vertragsjahres k\u00fcndigen. Die K\u00fcndigung muss schriftlich erfolgen und sp\u00e4testens 3 Monate vor Ablauf des laufenden Vertragsjahres bei der Pikellimi GmbH Leipziger Str. 16a 63584 Gr\u00fcndau eingegangen sein.<br>4. Die Vorsorge endet mit Wirkung f\u00fcr die Zukunft, wenn die Vorsorge-Voraussetzungen nach \u00a7 2 Abs. 1-2 zum Zeitpunkt der Antragstellung nicht vorlegen bzw. wenn sie sp\u00e4ter weggefallen sind.<br>5. Der Vorsorgenehmer kann seitens der Firma Pikellimi GmbH ausgeschlossen werden, wenn insbesondere<br>a) ein grober Versto\u00df des Vorsorgenehmers gegen islamische Grunds\u00e4tze oder solche des Wohnsitzlandes vorliegt oder<br>b) der Vorsorgenehmer mit dem Jahresunkostenbetrag nach Aufforderung zur Zahlung mit drei Monaten im R\u00fcckstand ist.<br>6. Mit der Beendigung der Vorsorge erl\u00f6schen alle Rechte und Pflichten der Vorsorgenehmer. Eine R\u00fcckzahlung entrichteter Betr\u00e4ge entf\u00e4llt.<\/p><p class=\"translation-block\"><strong>\u00a7 11 Sonstige Bestimmungen<\/strong><br>1. F\u00fcr das Vertragsverh\u00e4ltnis gelten ausschlie\u00dflich der Aufnahmeantrag und diese Allgemeinen Gesch\u00e4ftsbedingungen. M\u00fcndliche Vereinbarungen oder Erkl\u00e4rungen sind unwirksam.<br>2. Sollten einzelne Bestimmungen der AGB\/Trauerfall-Vorsorge unwirksam oder nichtig sein, so bleibt die AGB\/Trauerfall-Vorsorge im \u00dcbrigen wirksam. An die Stelle einer unwirksamen oder nichtigen Vorschrift tritt die gesetzliche Regelung.<\/p><p class=\"translation-block\"><strong>\u00a7 12 Datenweitergabe, Anwendbares Recht, Gerichtsstand<\/strong><br>1. Der Vorsorgenehmer erm\u00e4chtigt die Pikellimi GmbH, die zur Erf\u00fcllung ihrer Aufgaben erforderlichen Daten zu speichern und im Rahmen ihrer Aufgabenerf\u00fcllung zu speichern und weiterzugeben. Eine Weitergabe von Daten aus anderen Gr\u00fcnden, wie z.B. aus kommerziellen Gr\u00fcnden, ist der Pikellimi GmbH nicht gestattet.<br>2. F\u00fcr die Rechtsbeziehungen zwischen dem Vorsorgenehmer und der Firma Pikellimi GmbH gilt deutsches Recht.<br>3. Gerichtsstand ist der Sitz des Pikellimi GmbH.<\/p><p>AGB Deutsch.doc \u2013 Stand 11\/2022<\/p>\t\t\t\t\t\t\t\t<\/div>\n\t\t\t\t<\/div>\n\t\t\t\t\t<\/div>\n\t\t\t\t<\/div>\n\t\t\t\t\t<\/div>\n\t\t\t\t<\/div>\n\t\t\t\t<\/div>","protected":false},"excerpt":{"rendered":"<p>Allgemeine Gesch\u00e4ftsbedingungen (AGB)Trauerfall-Vorsorge der Firma Pikellimi GmbH \u00a7 1 Ziel der\u00a0Trauerfall-Vorsorge1. Die Trauerfall-Vorsorge ist eine zweckgebundene Einrichtung der Firma Pikellimi GmbH, die die Unterst\u00fctzung und Solidarisierungzwischen dem Vorsorgenehmer der Firma Pikellimi GmbH organisiert mit dem Ziel, diesen und dessen Familienangeh\u00f6rigen bei allen bei Bestattungen auftretenden Problemen und Kosten zu unterst\u00fctzen. \u00a7 2 Vorsorge1. Vorsorgenehmer k\u00f6nnen [&hellip;]<\/p>\n","protected":false},"author":1,"featured_media":0,"parent":0,"menu_order":0,"comment_status":"closed","ping_status":"closed","template":"","meta":{"footnotes":""},"class_list":["post-74","page","type-page","status-publish","hentry"],"yoast_head":"<!-- This site is optimized with the Yoast SEO plugin v27.4 - https:\/\/yoast.com\/product\/yoast-seo-wordpress\/ -->\n<title>Agb - Pikellimi GmbH<\/title>\n<meta name=\"robots\" content=\"index, follow, max-snippet:-1, max-image-preview:large, max-video-preview:-1\" \/>\n<link rel=\"canonical\" href=\"https:\/\/www.pikellimi.info\/en\/agb\/\" \/>\n<meta property=\"og:locale\" content=\"en_GB\" \/>\n<meta property=\"og:type\" content=\"article\" \/>\n<meta property=\"og:title\" content=\"Agb - Pikellimi GmbH\" \/>\n<meta property=\"og:description\" content=\"Allgemeine Gesch\u00e4ftsbedingungen (AGB)Trauerfall-Vorsorge der Firma Pikellimi GmbH \u00a7 1 Ziel der\u00a0Trauerfall-Vorsorge1. Die Trauerfall-Vorsorge ist eine zweckgebundene Einrichtung der Firma Pikellimi GmbH, die die Unterst\u00fctzung und Solidarisierungzwischen dem Vorsorgenehmer der Firma Pikellimi GmbH organisiert mit dem Ziel, diesen und dessen Familienangeh\u00f6rigen bei allen bei Bestattungen auftretenden Problemen und Kosten zu unterst\u00fctzen. \u00a7 2 Vorsorge1. Vorsorgenehmer k\u00f6nnen [&hellip;]\" \/>\n<meta property=\"og:url\" content=\"https:\/\/www.pikellimi.info\/en\/agb\/\" \/>\n<meta property=\"og:site_name\" content=\"Pikellimi GmbH\" \/>\n<meta property=\"article:publisher\" content=\"https:\/\/www.facebook.com\/people\/Pikellimi-sigurim\/100063480193163\/\" \/>\n<meta property=\"article:modified_time\" content=\"2024-04-03T11:51:38+00:00\" \/>\n<meta name=\"twitter:card\" content=\"summary_large_image\" \/>\n<meta name=\"twitter:label1\" content=\"Estimated reading time\" \/>\n\t<meta name=\"twitter:data1\" content=\"6 minutes\" \/>\n<script type=\"application\/ld+json\" class=\"yoast-schema-graph\">{\"@context\":\"https:\\\/\\\/schema.org\",\"@graph\":[{\"@type\":\"WebPage\",\"@id\":\"https:\\\/\\\/www.pikellimi.info\\\/agb\\\/\",\"url\":\"https:\\\/\\\/www.pikellimi.info\\\/agb\\\/\",\"name\":\"Agb - Pikellimi GmbH\",\"isPartOf\":{\"@id\":\"https:\\\/\\\/www.pikellimi.info\\\/#website\"},\"datePublished\":\"2024-03-29T12:20:21+00:00\",\"dateModified\":\"2024-04-03T11:51:38+00:00\",\"breadcrumb\":{\"@id\":\"https:\\\/\\\/www.pikellimi.info\\\/agb\\\/#breadcrumb\"},\"inLanguage\":\"en-GB\",\"potentialAction\":[{\"@type\":\"ReadAction\",\"target\":[\"https:\\\/\\\/www.pikellimi.info\\\/agb\\\/\"]}]},{\"@type\":\"BreadcrumbList\",\"@id\":\"https:\\\/\\\/www.pikellimi.info\\\/agb\\\/#breadcrumb\",\"itemListElement\":[{\"@type\":\"ListItem\",\"position\":1,\"name\":\"Startseite\",\"item\":\"https:\\\/\\\/www.pikellimi.info\\\/\"},{\"@type\":\"ListItem\",\"position\":2,\"name\":\"Agb\"}]},{\"@type\":\"WebSite\",\"@id\":\"https:\\\/\\\/www.pikellimi.info\\\/#website\",\"url\":\"https:\\\/\\\/www.pikellimi.info\\\/\",\"name\":\"Pikellimi GmbH\",\"description\":\"Brengat tuaj, obligimi YN\u00cb!\",\"potentialAction\":[{\"@type\":\"SearchAction\",\"target\":{\"@type\":\"EntryPoint\",\"urlTemplate\":\"https:\\\/\\\/www.pikellimi.info\\\/?s={search_term_string}\"},\"query-input\":{\"@type\":\"PropertyValueSpecification\",\"valueRequired\":true,\"valueName\":\"search_term_string\"}}],\"inLanguage\":\"en-GB\"}]}<\/script>\n<!-- \/ Yoast SEO plugin. -->","yoast_head_json":{"title":"Agb - Pikellimi GmbH","robots":{"index":"index","follow":"follow","max-snippet":"max-snippet:-1","max-image-preview":"max-image-preview:large","max-video-preview":"max-video-preview:-1"},"canonical":"https:\/\/www.pikellimi.info\/en\/agb\/","og_locale":"en_GB","og_type":"article","og_title":"Agb - Pikellimi GmbH","og_description":"Allgemeine Gesch\u00e4ftsbedingungen (AGB)Trauerfall-Vorsorge der Firma Pikellimi GmbH \u00a7 1 Ziel der\u00a0Trauerfall-Vorsorge1. Die Trauerfall-Vorsorge ist eine zweckgebundene Einrichtung der Firma Pikellimi GmbH, die die Unterst\u00fctzung und Solidarisierungzwischen dem Vorsorgenehmer der Firma Pikellimi GmbH organisiert mit dem Ziel, diesen und dessen Familienangeh\u00f6rigen bei allen bei Bestattungen auftretenden Problemen und Kosten zu unterst\u00fctzen. \u00a7 2 Vorsorge1. Vorsorgenehmer k\u00f6nnen [&hellip;]","og_url":"https:\/\/www.pikellimi.info\/en\/agb\/","og_site_name":"Pikellimi GmbH","article_publisher":"https:\/\/www.facebook.com\/people\/Pikellimi-sigurim\/100063480193163\/","article_modified_time":"2024-04-03T11:51:38+00:00","twitter_card":"summary_large_image","twitter_misc":{"Estimated reading time":"6 minutes"},"schema":{"@context":"https:\/\/schema.org","@graph":[{"@type":"WebPage","@id":"https:\/\/www.pikellimi.info\/agb\/","url":"https:\/\/www.pikellimi.info\/agb\/","name":"Agb - Pikellimi GmbH","isPartOf":{"@id":"https:\/\/www.pikellimi.info\/#website"},"datePublished":"2024-03-29T12:20:21+00:00","dateModified":"2024-04-03T11:51:38+00:00","breadcrumb":{"@id":"https:\/\/www.pikellimi.info\/agb\/#breadcrumb"},"inLanguage":"en-GB","potentialAction":[{"@type":"ReadAction","target":["https:\/\/www.pikellimi.info\/agb\/"]}]},{"@type":"BreadcrumbList","@id":"https:\/\/www.pikellimi.info\/agb\/#breadcrumb","itemListElement":[{"@type":"ListItem","position":1,"name":"Startseite","item":"https:\/\/www.pikellimi.info\/"},{"@type":"ListItem","position":2,"name":"Agb"}]},{"@type":"WebSite","@id":"https:\/\/www.pikellimi.info\/#website","url":"https:\/\/www.pikellimi.info\/","name":"Pikellimi GmbH","description":"Brengat tuaj, obligimi YN\u00cb!","potentialAction":[{"@type":"SearchAction","target":{"@type":"EntryPoint","urlTemplate":"https:\/\/www.pikellimi.info\/?s={search_term_string}"},"query-input":{"@type":"PropertyValueSpecification","valueRequired":true,"valueName":"search_term_string"}}],"inLanguage":"en-GB"}]}},"_links":{"self":[{"href":"https:\/\/www.pikellimi.info\/en\/wp-json\/wp\/v2\/pages\/74","targetHints":{"allow":["GET"]}}],"collection":[{"href":"https:\/\/www.pikellimi.info\/en\/wp-json\/wp\/v2\/pages"}],"about":[{"href":"https:\/\/www.pikellimi.info\/en\/wp-json\/wp\/v2\/types\/page"}],"author":[{"embeddable":true,"href":"https:\/\/www.pikellimi.info\/en\/wp-json\/wp\/v2\/users\/1"}],"replies":[{"embeddable":true,"href":"https:\/\/www.pikellimi.info\/en\/wp-json\/wp\/v2\/comments?post=74"}],"version-history":[{"count":10,"href":"https:\/\/www.pikellimi.info\/en\/wp-json\/wp\/v2\/pages\/74\/revisions"}],"predecessor-version":[{"id":456,"href":"https:\/\/www.pikellimi.info\/en\/wp-json\/wp\/v2\/pages\/74\/revisions\/456"}],"wp:attachment":[{"href":"https:\/\/www.pikellimi.info\/en\/wp-json\/wp\/v2\/media?parent=74"}],"curies":[{"name":"wp","href":"https:\/\/api.w.org\/{rel}","templated":true}]}}