
{"id":74,"date":"2024-03-29T13:20:21","date_gmt":"2024-03-29T12:20:21","guid":{"rendered":"http:\/\/wp.pikellimi.info\/?page_id=74"},"modified":"2024-04-03T13:51:38","modified_gmt":"2024-04-03T11:51:38","slug":"agb","status":"publish","type":"page","link":"https:\/\/www.pikellimi.info\/bs\/agb\/","title":{"rendered":"Agb"},"content":{"rendered":"<div data-elementor-type=\"wp-page\" data-elementor-id=\"74\" class=\"elementor elementor-74\" data-elementor-post-type=\"page\">\n\t\t\t\t<div class=\"elementor-element elementor-element-a119676 e-flex e-con-boxed e-con e-parent\" data-id=\"a119676\" data-element_type=\"container\" data-e-type=\"container\">\n\t\t\t\t\t<div class=\"e-con-inner\">\n\t\t<div class=\"elementor-element elementor-element-9e2c4c0 e-flex e-con-boxed e-con e-child\" data-id=\"9e2c4c0\" data-element_type=\"container\" data-e-type=\"container\">\n\t\t\t\t\t<div class=\"e-con-inner\">\n\t\t\t\t<div class=\"elementor-element elementor-element-30959f1 elementor-widget elementor-widget-text-editor\" data-id=\"30959f1\" data-element_type=\"widget\" data-e-type=\"widget\" data-widget_type=\"text-editor.default\">\n\t\t\t\t<div class=\"elementor-widget-container\">\n\t\t\t\t\t\t\t\t\t<p class=\"translation-block\"><strong>Op\u0161ti uslovi poslovanja (Odredbe i Uslovi)\nO\u017ealo\u0161\u0107ena njega kompanije Pikellimi GmbH.<\/strong><\/p><p class=\"translation-block\">\u00a7 1 Cilj odredbe o \u017ealovanju<br>1.Bereavement Care je namjenska ustanova kompanije Pikellimi doo, koja organizira podr\u0161ku i solidarnost\nizme\u0111u korisnika Pikellimi GmbH. sa ciljem da pru\u017ei podr\u0161ku njemu i \u010dlanovima njegove porodice u svim problemima i tro\u0161kovima koji nastanu u toku sahrana.<\/p><p class=\"translation-block\">\u00a7 2 Predostro\u017enost<br>\n1. Korisnik penzije mo\u017ee biti svako ko je navr\u0161io 18 godina.\n2. Osigurano lice mora imati stalni boravak u Njema\u010dkoj, u zemlji EU\/EEA ili u \u0160vicarskoj<\/p><p class=\"translation-block\">\u00a7 3 Zapo\u010dinjanje mjera opreza<br>\n1. Prijem u penzijski plan se zasniva na pismenom zahtjevu. Za prijavu se koristi unaprijed od\u0161tampani obrazac za prijavu Pikellimi GmbH.\n2. Prijavu sa potrebnom dokumentacijom poslati na poslovnu adresu firme Pikellimi GmbH \u2013 Postfach 12 54 \u2013\n63552 Gelnhausen. Bi\u0107e obra\u0111eni samo obrasci za prijavu koji su u potpunosti popunjeni i sa svim potrebnim dokumentima.\n3. Ne postoji pravni zahtjev za prihvatanje providura. Firma Pikellimi doo mo\u017ee odbiti klijenta. Nije potrebno navoditi razloge za odbijanje.<\/p><p class=\"translation-block\">\u00a7 4 Po\u010detak mjera opreza<br>\nPreventivna njega ne po\u010dinje sve dok:\n1. Izvod iz mati\u010dne knjige umrlih je poslat korisniku i ispunjeni su sljede\u0107i uslovi:\n2. Upisnina prema \u00a7 5 i prva godi\u0161nja \u010dlanarina prema \u00a7 6 su pla\u0107eni i periodi \u010dekanja prema \u00a7 4 br. 3 su istekli.\n3. Vrijeme \u010dekanja 180 dana nakon prijema uplate.\n4. Ako korisnik umre usljed nesre\u0107e nakon \u0161to je primljena isplata, periodi \u010dekanja navedeni u \u00a7 4 br. 3 ne\u0107e se primjenjivati.<\/p><p class=\"translation-block\">\u00a7 5 Ulaznice<br>\n1. U vrijeme prijema, Pikellimi GmbH se pla\u0107aju sljede\u0107e kotizacije, raspore\u0111ene prema starosnim grupama:<\/p><p><strong>\u00a0\u00a0\u00a0\u00a0\u00a0\u00a0\u00a0\u00a0\u00a0\u00a0\u00a0\u00a0\u00a0\u00a0\u00a0\u00a0\u00a0\u00a0\u00a0\u00a0\u00a0\u00a0\u00a0\u00a0\u00a0\u00a018 \u2013 29 Godine\/ 0,00 Euro<\/strong><\/p><p><strong>\u00a0\u00a0\u00a0\u00a0\u00a0\u00a0\u00a0\u00a0\u00a0\u00a0\u00a0\u00a0\u00a0\u00a0\u00a0\u00a0\u00a0\u00a0\u00a0\u00a0\u00a0\u00a0\u00a0\u00a0\u00a0\u00a030 \u2013 49 Godine\/ 49,95 Euro\u00a0\u00a0<\/strong><\/p><p><strong>\u00a0 \u00a0 \u00a0 \u00a0 \u00a0 \u00a0 \u00a0 \u00a0 \u00a0 \u00a0 \u00a0 \u00a0 \u00a0 50 \u2013 54 Godine\/ 399,95 Euro\u00a0<\/strong><\/p><p><strong>\u00a0 \u00a0 \u00a0 \u00a0 \u00a0 \u00a0 \u00a0 \u00a0 \u00a0 \u00a0 \u00a0 \u00a0 \u00a0 55 \u2013 59 Godine\/ 899,95 Euro<\/strong><\/p><p><strong>\u00a0\u00a0\u00a0\u00a0\u00a0\u00a0\u00a0\u00a0\u00a0\u00a0\u00a0\u00a0\u00a0\u00a0\u00a0\u00a0\u00a0\u00a0\u00a0\u00a0\u00a0\u00a0\u00a0\u00a0\u00a0 Preko 60 Godine\/ Informacije samo preko korisni\u010dkog servisa<\/strong><\/p><p>2. Gore navedene naknade za inicijaciju pla\u0107aju se dvije sedmice nakon prijema obavje\u0161tenja o pogibiji.<\/p><p class=\"translation-block\">\u00a7 6 Godi\u0161nja naknada i uslovi pla\u0107anja<br>\n1. Godi\u0161nja naknada iznosi 119,95 \u20ac i svaki korisnik je mora platiti unaprijed. Prvi godi\u0161nji iznos dospijeva u roku od dvije sedmice od prijema potvrde o o\u017ealo\u0161\u0107enju. Naknadni doprinosi dospevaju godi\u0161nje 3. radnog dana u mesecu prijema.\n2. Godi\u0161nja naknada se uvijek zadu\u017euje sa ra\u010duna korisnika direktnim zadu\u017eenjem. U slu\u010daju povratnog zadu\u017eenja klijent snosi nastale tro\u0161kove.\n3. Izdr\u017eavanje u slu\u010daju \u017ealosti se ukida ako nosilac odredbe kasni vi\u0161e od mjesec dana sa godi\u0161njim doprinosom za tro\u0161kove.<\/p><p class=\"translation-block\">\u00a7 7 Grupa korisnika<br>\n1. Podr\u0161ka za njegu o\u017ealo\u0161\u0107enog mo\u017ee biti odobrena za sljede\u0107e osobe:\na. Korisnik i supru\u017enik;\nb. Djeca osiguranika koja jo\u0161 nisu navr\u0161ila 18 godina \u017eivota;\nc. Djeca korisnika koji su studenti ili u\u010denici, pod uslovom da nisu navr\u0161ila 27 godina \u017eivota, neo\u017eenjena su i nemaju vlastitih prihoda;\nd. Djeca sa te\u0161kim invaliditetom (50%) korisnika koji nemaju vlastitih prihoda (bez starosne granice).\ne. Navedena lica \u0107e bez prethodnog obave\u0161tenja izgubiti izdr\u017eavanje odredbe o \u017ealovanju u meri u kojoj su ispunjeni preduslovi iz st. 1 prestaje da va\u017ei. Me\u0111utim, lica koja vi\u0161e ne ispunjavaju uslove iz br. 1 a. do d. mogu (npr. u slu\u010daju razvoda, punoljetnosti, itd.) podnijeti vlastiti zahtjev za prijem. U ovim slu\u010dajevima, upisnina se poni\u0161tava. Me\u0111utim, godi\u0161nja naknada za odgovaraju\u0107u godinu se mora platiti.<\/p><p class=\"translation-block\">\u00a7 8 Obim podr\u0161ke za primaoce penzija<br>\n1. \u010cim korisnik ili najbli\u017ei srodnik u smislu \u00a7 7 obavijesti Pikellimi Ltd. u slu\u010daju smrti, odredba o \u017ealovanju \u0107e naru\u010diti ugovornu pogrebnu ku\u0107u za obavljanje sljede\u0107ih zadataka:\na.Rje\u0161avanje svih slu\u017ebenih pitanja,\nb. Priprema tela prema pravilima izabranim u prijavi za prijem,\nc. Tijelo se transportuje na mjesto ukopa,\nd. Tijelo je u kov\u010degu prema evropskim standardima.\n2. Rodbina preminulog ne mo\u017ee anga\u017eovati drugu pogrebnu firmu bez konsultacije sa \u201cPikellimi GmbH\u201d. U takvim slu\u010dajevima \u201cPikellimi GmbH\u201d ne\u0107e snositi nikakve tro\u0161kove.\n3. Za one koji su sahranjeni u zemlji EU\/EEA ili u \u0160vicarskoj, mogu se pokriti samo dokumenti i tro\u0161kovi transporta do 3.500 eura.\n4. Ako korisnik umre na godi\u0161njem odmoru u svojoj zemlji, njegovi pre\u017eivjeli dobijaju jednokratni iznos od 500 eura kao dodatak.\n5. Oni koji su umrli izvan zemlje EU\/EEA ili \u0160vicarske mogu biti preba\u010deni i sahranjeni u zemlji EU\/EEA ili \u0160vicarskoj na zahtjev. Pokrivanje tro\u0161kova (samo dokumenti i tro\u0161kovi transporta) od strane Pikellimi GmbH. Ograni\u010den je na 2.000 eura u ovim slu\u010dajevima.\n6. U slu\u010daju spontanih poba\u010daja (ispod 500g) kako je definisano zakonima o sahranjivanju saveznih dr\u017eava, mogu se pokriti samo tro\u0161kovi sahrane do 700,00 eura.\n7. Sljede\u0107i dokumenti i dokazi moraju biti dostavljeni navedenom ugovornom pogrebnom zavodu: li\u010dna karta, paso\u0161, izvod iz mati\u010dne knjige umrlih ili izvje\u0161taj o smrti, vjen\u010dani list (me\u0111unarodno va\u017ee\u0107i, ina\u010de s prijevodom na njema\u010dki), potvrda o o\u017ealo\u0161\u0107enju. Kompanija Pikellimi doo ne mo\u017ee se smatrati odgovornom za bilo kakve tro\u0161kove koji nastanu zbog neprikazivanja dokumenata navedenih u stavu 7.\n8. Kompanija Pikellimi GmbH ne preuzima nikakvu odgovornost za mogu\u0107a ka\u0161njenja ili ka\u0161njenja koja nisu krivica kompanije Pikellimi GmbH (npr. zbog praznika, ka\u0161njenja ili otkazivanja letova ili pogrebnog preduze\u0107a).<\/p><p class=\"translation-block\">\u00a7 9 Obaveza osiguranika da obavijesti<br>\n1. Svako osigurano lice je du\u017eno da obezbedi Pikellimi GmbH. sa potpunim i istinitim informacijama o sebi i \u010dlanovima svoje porodice. Pikellimi GmbH. ne preuzima nikakvu odgovornost za nedostatke koji proisti\u010du iz informacija\/dokumenata koji nedostaju.<\/p><p class=\"translation-block\">\u00a7 10 Raskid ugovornog odnosa<br>\n1.Rok trajanja ugovora je dvije godine. Produ\u017euje se za jednu godinu ako se ugovor ne raskine u skladu sa sljede\u0107im uslovima.\n2. Penzija prestaje prestankom, isklju\u010denjem ili smr\u0107u.\n3. Svaki osiguranik mo\u017ee otkazati ugovor na kraju ugovorne godine. Otkazivanje mora biti u\u010dinjeno u pisanoj formi i primljeno od strane Pikellimi GmbH Leipziger Str. 16a 63584 Gr\u00fcndau najmanje 3 mjeseca prije kraja teku\u0107e ugovorne godine.\n4. Odredba prestaje va\u017eiti za budu\u0107nost ako su ispunjeni preduslovi prema \u00a7 2 st. 1-2 nisu ispunjeni u trenutku podno\u0161enja zahtjeva ili ako prestanu postojati kasnije.\n5. Korisnik mo\u017ee biti isklju\u010den od strane kompanije Pikellimi doo ako posebno\na) postoji grubo kr\u0161enje islamskih principa ili principa zemlje prebivali\u0161ta od strane korisnika penzije, ili\nb)osiguranik kasni tri mjeseca sa iznosom godi\u0161njeg tro\u0161ka nakon \u0161to je zatra\u017eeno da plati.\n6.Prestankom penzijskog plana prestaju sva prava i obaveze korisnika. Nema otplate upla\u0107enih iznosa.<\/p><p class=\"translation-block\">\u00a7 11 Ostale odredbe<br>\n1. Ugovorni odnos reguli\u0161e se isklju\u010divo prijavom za prijem i ovim Op\u0161tim uslovima. Usmeni dogovori ili izjave su neva\u017ee\u0107i.\n2.Ukoliko pojedina\u010dne odredbe Op\u0161tih uslova\/Memorijalne za\u0161tite budu neva\u017ee\u0107e ili neva\u017ee\u0107e, ostatak Op\u0161tih uslova\/Memorijalne za\u0161tite ostaje na snazi. Neva\u017ee\u0107a ili ni\u0161tava odredba zamjenjuje se zakonskom odredbom.<\/p><p class=\"translation-block\">\u00a7 12 Prijenos podataka, mjerodavno pravo, mjesto jurisdikcije<br>\n1. Klijent ovla\u0161\u0107uje Pikellimi GmbH da skladi\u0161ti podatke potrebne za ispunjavanje svojih zadataka te da ih skladi\u0161ti i proslje\u0111uje u okviru ispunjenja svog zadatka. Pikellimi GmbH ne smije proslje\u0111ivati podatke iz drugih razloga, kao \u0161to su komercijalni razlozi.\n2. Pravni odnos izme\u0111u klijenta i Pikellimi GmbH je regulisan nema\u010dkim pravom.\n3. Mjesto jurisdikcije je sjedi\u0161te Pikellimi GmbH.<\/p><p>Uslovi poslovanja German.doc \u2013 Status 11\/2022<\/p>\t\t\t\t\t\t\t\t<\/div>\n\t\t\t\t<\/div>\n\t\t\t\t\t<\/div>\n\t\t\t\t<\/div>\n\t\t\t\t\t<\/div>\n\t\t\t\t<\/div>\n\t\t\t\t<\/div>","protected":false},"excerpt":{"rendered":"<p>Allgemeine Gesch\u00e4ftsbedingungen (AGB)Trauerfall-Vorsorge der Firma Pikellimi GmbH \u00a7 1 Ziel der\u00a0Trauerfall-Vorsorge1. Die Trauerfall-Vorsorge ist eine zweckgebundene Einrichtung der Firma Pikellimi GmbH, die die Unterst\u00fctzung und Solidarisierungzwischen dem Vorsorgenehmer der Firma Pikellimi GmbH organisiert mit dem Ziel, diesen und dessen Familienangeh\u00f6rigen bei allen bei Bestattungen auftretenden Problemen und Kosten zu unterst\u00fctzen. \u00a7 2 Vorsorge1. Vorsorgenehmer k\u00f6nnen [&hellip;]<\/p>\n","protected":false},"author":1,"featured_media":0,"parent":0,"menu_order":0,"comment_status":"closed","ping_status":"closed","template":"","meta":{"footnotes":""},"class_list":["post-74","page","type-page","status-publish","hentry"],"yoast_head":"<!-- This site is optimized with the Yoast SEO plugin v27.4 - https:\/\/yoast.com\/product\/yoast-seo-wordpress\/ -->\n<title>Agb - Pikellimi GmbH<\/title>\n<meta name=\"robots\" content=\"index, follow, max-snippet:-1, max-image-preview:large, max-video-preview:-1\" \/>\n<link rel=\"canonical\" href=\"https:\/\/www.pikellimi.info\/bs\/agb\/\" \/>\n<meta property=\"og:locale\" content=\"bs_BA\" \/>\n<meta property=\"og:type\" content=\"article\" \/>\n<meta property=\"og:title\" content=\"Agb - Pikellimi GmbH\" \/>\n<meta property=\"og:description\" content=\"Allgemeine Gesch\u00e4ftsbedingungen (AGB)Trauerfall-Vorsorge der Firma Pikellimi GmbH \u00a7 1 Ziel der\u00a0Trauerfall-Vorsorge1. Die Trauerfall-Vorsorge ist eine zweckgebundene Einrichtung der Firma Pikellimi GmbH, die die Unterst\u00fctzung und Solidarisierungzwischen dem Vorsorgenehmer der Firma Pikellimi GmbH organisiert mit dem Ziel, diesen und dessen Familienangeh\u00f6rigen bei allen bei Bestattungen auftretenden Problemen und Kosten zu unterst\u00fctzen. \u00a7 2 Vorsorge1. Vorsorgenehmer k\u00f6nnen [&hellip;]\" \/>\n<meta property=\"og:url\" content=\"https:\/\/www.pikellimi.info\/bs\/agb\/\" \/>\n<meta property=\"og:site_name\" content=\"Pikellimi GmbH\" \/>\n<meta property=\"article:publisher\" content=\"https:\/\/www.facebook.com\/people\/Pikellimi-sigurim\/100063480193163\/\" \/>\n<meta property=\"article:modified_time\" content=\"2024-04-03T11:51:38+00:00\" \/>\n<meta name=\"twitter:card\" content=\"summary_large_image\" \/>\n<meta name=\"twitter:label1\" content=\"Est. reading time\" \/>\n\t<meta name=\"twitter:data1\" content=\"6 minuta\" \/>\n<script type=\"application\/ld+json\" class=\"yoast-schema-graph\">{\"@context\":\"https:\\\/\\\/schema.org\",\"@graph\":[{\"@type\":\"WebPage\",\"@id\":\"https:\\\/\\\/www.pikellimi.info\\\/agb\\\/\",\"url\":\"https:\\\/\\\/www.pikellimi.info\\\/agb\\\/\",\"name\":\"Agb - Pikellimi GmbH\",\"isPartOf\":{\"@id\":\"https:\\\/\\\/www.pikellimi.info\\\/#website\"},\"datePublished\":\"2024-03-29T12:20:21+00:00\",\"dateModified\":\"2024-04-03T11:51:38+00:00\",\"breadcrumb\":{\"@id\":\"https:\\\/\\\/www.pikellimi.info\\\/agb\\\/#breadcrumb\"},\"inLanguage\":\"bs-BA\",\"potentialAction\":[{\"@type\":\"ReadAction\",\"target\":[\"https:\\\/\\\/www.pikellimi.info\\\/agb\\\/\"]}]},{\"@type\":\"BreadcrumbList\",\"@id\":\"https:\\\/\\\/www.pikellimi.info\\\/agb\\\/#breadcrumb\",\"itemListElement\":[{\"@type\":\"ListItem\",\"position\":1,\"name\":\"Startseite\",\"item\":\"https:\\\/\\\/www.pikellimi.info\\\/\"},{\"@type\":\"ListItem\",\"position\":2,\"name\":\"Agb\"}]},{\"@type\":\"WebSite\",\"@id\":\"https:\\\/\\\/www.pikellimi.info\\\/#website\",\"url\":\"https:\\\/\\\/www.pikellimi.info\\\/\",\"name\":\"Pikellimi GmbH\",\"description\":\"Brengat tuaj, obligimi YN\u00cb!\",\"potentialAction\":[{\"@type\":\"SearchAction\",\"target\":{\"@type\":\"EntryPoint\",\"urlTemplate\":\"https:\\\/\\\/www.pikellimi.info\\\/?s={search_term_string}\"},\"query-input\":{\"@type\":\"PropertyValueSpecification\",\"valueRequired\":true,\"valueName\":\"search_term_string\"}}],\"inLanguage\":\"bs-BA\"}]}<\/script>\n<!-- \/ Yoast SEO plugin. -->","yoast_head_json":{"title":"Agb - Pikellimi GmbH","robots":{"index":"index","follow":"follow","max-snippet":"max-snippet:-1","max-image-preview":"max-image-preview:large","max-video-preview":"max-video-preview:-1"},"canonical":"https:\/\/www.pikellimi.info\/bs\/agb\/","og_locale":"bs_BA","og_type":"article","og_title":"Agb - Pikellimi GmbH","og_description":"Allgemeine Gesch\u00e4ftsbedingungen (AGB)Trauerfall-Vorsorge der Firma Pikellimi GmbH \u00a7 1 Ziel der\u00a0Trauerfall-Vorsorge1. Die Trauerfall-Vorsorge ist eine zweckgebundene Einrichtung der Firma Pikellimi GmbH, die die Unterst\u00fctzung und Solidarisierungzwischen dem Vorsorgenehmer der Firma Pikellimi GmbH organisiert mit dem Ziel, diesen und dessen Familienangeh\u00f6rigen bei allen bei Bestattungen auftretenden Problemen und Kosten zu unterst\u00fctzen. \u00a7 2 Vorsorge1. Vorsorgenehmer k\u00f6nnen [&hellip;]","og_url":"https:\/\/www.pikellimi.info\/bs\/agb\/","og_site_name":"Pikellimi GmbH","article_publisher":"https:\/\/www.facebook.com\/people\/Pikellimi-sigurim\/100063480193163\/","article_modified_time":"2024-04-03T11:51:38+00:00","twitter_card":"summary_large_image","twitter_misc":{"Est. reading time":"6 minuta"},"schema":{"@context":"https:\/\/schema.org","@graph":[{"@type":"WebPage","@id":"https:\/\/www.pikellimi.info\/agb\/","url":"https:\/\/www.pikellimi.info\/agb\/","name":"Agb - Pikellimi GmbH","isPartOf":{"@id":"https:\/\/www.pikellimi.info\/#website"},"datePublished":"2024-03-29T12:20:21+00:00","dateModified":"2024-04-03T11:51:38+00:00","breadcrumb":{"@id":"https:\/\/www.pikellimi.info\/agb\/#breadcrumb"},"inLanguage":"bs-BA","potentialAction":[{"@type":"ReadAction","target":["https:\/\/www.pikellimi.info\/agb\/"]}]},{"@type":"BreadcrumbList","@id":"https:\/\/www.pikellimi.info\/agb\/#breadcrumb","itemListElement":[{"@type":"ListItem","position":1,"name":"Startseite","item":"https:\/\/www.pikellimi.info\/"},{"@type":"ListItem","position":2,"name":"Agb"}]},{"@type":"WebSite","@id":"https:\/\/www.pikellimi.info\/#website","url":"https:\/\/www.pikellimi.info\/","name":"Pikellimi GmbH","description":"Brengat tuaj, obligimi YN\u00cb!","potentialAction":[{"@type":"SearchAction","target":{"@type":"EntryPoint","urlTemplate":"https:\/\/www.pikellimi.info\/?s={search_term_string}"},"query-input":{"@type":"PropertyValueSpecification","valueRequired":true,"valueName":"search_term_string"}}],"inLanguage":"bs-BA"}]}},"_links":{"self":[{"href":"https:\/\/www.pikellimi.info\/bs\/wp-json\/wp\/v2\/pages\/74","targetHints":{"allow":["GET"]}}],"collection":[{"href":"https:\/\/www.pikellimi.info\/bs\/wp-json\/wp\/v2\/pages"}],"about":[{"href":"https:\/\/www.pikellimi.info\/bs\/wp-json\/wp\/v2\/types\/page"}],"author":[{"embeddable":true,"href":"https:\/\/www.pikellimi.info\/bs\/wp-json\/wp\/v2\/users\/1"}],"replies":[{"embeddable":true,"href":"https:\/\/www.pikellimi.info\/bs\/wp-json\/wp\/v2\/comments?post=74"}],"version-history":[{"count":10,"href":"https:\/\/www.pikellimi.info\/bs\/wp-json\/wp\/v2\/pages\/74\/revisions"}],"predecessor-version":[{"id":456,"href":"https:\/\/www.pikellimi.info\/bs\/wp-json\/wp\/v2\/pages\/74\/revisions\/456"}],"wp:attachment":[{"href":"https:\/\/www.pikellimi.info\/bs\/wp-json\/wp\/v2\/media?parent=74"}],"curies":[{"name":"wp","href":"https:\/\/api.w.org\/{rel}","templated":true}]}}